{"id":824,"date":"2024-01-15T19:07:14","date_gmt":"2024-01-15T19:07:14","guid":{"rendered":"https:\/\/isralegal.com\/index.php\/notre-equipe\/"},"modified":"2025-06-08T14:08:43","modified_gmt":"2025-06-08T14:08:43","slug":"notre-equipe","status":"publish","type":"page","link":"https:\/\/isralegal.com\/en\/index.php\/notre-equipe\/","title":{"rendered":"Notre \u00e9quipe"},"content":{"rendered":"<p>[et_pb_section fb_built=&#8221;1&#8243; admin_label=&#8221;Why Choose Us Section&#8221; _builder_version=&#8221;4.21.0&#8243; background_color=&#8221;#0C71C3&#8243; custom_padding=&#8221;0px||0px|&#8221; global_colors_info=&#8221;{}&#8221;][et_pb_row column_structure=&#8221;1_2,1_2&#8243; admin_label=&#8221;Why Choose Us Area&#8221; _builder_version=&#8221;4.16&#8243; width=&#8221;100%&#8221; max_width=&#8221;100%&#8221; custom_margin=&#8221;|||&#8221; custom_padding=&#8221;0px|0px|0px|&#8221; use_custom_width=&#8221;on&#8221; width_unit=&#8221;off&#8221; custom_width_percent=&#8221;100%&#8221; global_colors_info=&#8221;{}&#8221;][et_pb_column type=&#8221;1_2&#8243; _builder_version=&#8221;4.16&#8243; custom_padding=&#8221;|||&#8221; global_colors_info=&#8221;{}&#8221; custom_padding__hover=&#8221;|||&#8221;][et_pb_image src=&#8221;https:\/\/isralegal.com\/wp-content\/uploads\/2024\/01\/law-firm-14.jpg&#8221; show_bottom_space=&#8221;off&#8221; force_fullwidth=&#8221;on&#8221; align_tablet=&#8221;center&#8221; align_phone=&#8221;center&#8221; align_last_edited=&#8221;on|desktop&#8221; _builder_version=&#8221;4.16&#8243; global_colors_info=&#8221;{}&#8221;][\/et_pb_image][\/et_pb_column][et_pb_column type=&#8221;1_2&#8243; _builder_version=&#8221;4.16&#8243; custom_padding=&#8221;80px|5%|80px|&#8221; custom_padding_tablet=&#8221;|10%||10%&#8221; custom_padding_phone=&#8221;|10%||10%&#8221; custom_padding_last_edited=&#8221;on|tablet&#8221; global_colors_info=&#8221;{}&#8221; padding_tablet=&#8221;|10%||10%&#8221; padding_last_edited=&#8221;on|tablet&#8221; custom_padding__hover=&#8221;|||&#8221; padding_phone=&#8221;|10%||10%&#8221;][et_pb_text admin_label=&#8221;Title&#8221; _builder_version=&#8221;4.21.0&#8243; text_font=&#8221;||||||||&#8221; header_font=&#8221;||||||||&#8221; header_2_font=&#8221;Prata||||||||&#8221; header_2_font_size=&#8221;48px&#8221; header_2_line_height=&#8221;1.6em&#8221; background_layout=&#8221;dark&#8221; custom_margin=&#8221;||10px|&#8221; animation_style=&#8221;slide&#8221; animation_direction=&#8221;right&#8221; animation_intensity_slide=&#8221;5%&#8221; animation_starting_opacity=&#8221;100%&#8221; header_2_font_size_tablet=&#8221;40px&#8221; header_2_font_size_phone=&#8221;&#8221; header_2_font_size_last_edited=&#8221;on|tablet&#8221; locked=&#8221;off&#8221; global_colors_info=&#8221;{}&#8221;]<\/p>\n<h2><span class=\"s2\"><b>L\u2019\u00e9quipe du Cabinet Zajfman-Kornitzer et Associ\u00e9s<\/b><\/span><\/h2>\n<p>[\/et_pb_text][et_pb_divider color=&#8221;#ffffff&#8221; divider_position=&#8221;center&#8221; divider_weight=&#8221;3px&#8221; _builder_version=&#8221;4.16&#8243; max_width=&#8221;70px&#8221; custom_margin=&#8221;||35px|&#8221; animation_style=&#8221;slide&#8221; animation_direction=&#8221;right&#8221; animation_intensity_slide=&#8221;5%&#8221; animation_starting_opacity=&#8221;100%&#8221; locked=&#8221;off&#8221; global_colors_info=&#8221;{}&#8221;][\/et_pb_divider][et_pb_text _builder_version=&#8221;4.21.0&#8243; text_font=&#8221;||||||||&#8221; text_font_size=&#8221;16px&#8221; text_line_height=&#8221;1.8em&#8221; header_font=&#8221;||||||||&#8221; header_3_font=&#8221;Roboto Slab||||||||&#8221; header_3_line_height=&#8221;1.4em&#8221; background_layout=&#8221;dark&#8221; custom_margin=&#8221;|||&#8221; animation_style=&#8221;slide&#8221; animation_direction=&#8221;right&#8221; animation_intensity_slide=&#8221;5%&#8221; animation_starting_opacity=&#8221;100%&#8221; global_colors_info=&#8221;{}&#8221;]<\/p>\n<p class=\"p2\">Nos bureaux principaux se trouvent <b>au centre-ville de J\u00e9rusalem<\/b> au <b> 1 rue Raoul Wallenberg (7\u00e8me \u00e9tage)<\/b>, pr\u00e8s du tramway. Nous avons une <b>antenne \u00e0 l\u2019entr\u00e9e sud de Tel-Aviv<\/b> sise au 55A rue Ygal Alon au 4<span class=\"s3\"><sup>\u00e8me<\/sup><\/span> \u00e9tage (uniquement sur rendez-vous).<\/p>\n<p class=\"p2\">Toutefois, nous nous d\u00e9pla\u00e7ons, sur rendez-vous, <b>\u00e9galement chez le client, en Isra\u00ebl <\/b>(centre du pays) ainsi qu\u2019en<b> Belgique, au Luxembourg, en France et en Suisse<\/b>.<\/p>\n<p class=\"p2\">Notre \u00e9quipe administrative est compos\u00e9e de <b>3 secr\u00e9taires de direction<\/b> tri\u00e9es sur le volet pour leur efficacit\u00e9, d\u00e9votion et dynamisme (toutes parlant 3 ou 4 langues) : entre autres : Ida Reinman, Yael Cohen, Tova Cohen.<\/p>\n<p class=\"p2\">Notre \u00e9quipe de juristes est compos\u00e9e de <b>5 avocats<\/b>\u00a0qui travaillent avec nous depuis longtemps\u00a0:<\/p>\n<p>[\/et_pb_text][\/et_pb_column][\/et_pb_row][\/et_pb_section][et_pb_section fb_built=&#8221;1&#8243; admin_label=&#8221;Team Section&#8221; _builder_version=&#8221;4.16&#8243; custom_margin=&#8221;||100px|&#8221; custom_padding=&#8221;110px|||&#8221; global_colors_info=&#8221;{}&#8221;][et_pb_row admin_label=&#8221;Team Area&#8221; _builder_version=&#8221;4.16&#8243; locked=&#8221;off&#8221; global_colors_info=&#8221;{}&#8221;][et_pb_column type=&#8221;4_4&#8243; _builder_version=&#8221;4.16&#8243; custom_padding=&#8221;|||&#8221; global_colors_info=&#8221;{}&#8221; custom_padding__hover=&#8221;|||&#8221;][et_pb_text admin_label=&#8221;Title&#8221; _builder_version=&#8221;4.21.0&#8243; text_font=&#8221;||||||||&#8221; header_font=&#8221;||||||||&#8221; header_2_font=&#8221;Playfair Display||||||||&#8221; header_2_text_align=&#8221;center&#8221; header_2_font_size=&#8221;48px&#8221; header_2_line_height=&#8221;1.6em&#8221; custom_margin=&#8221;||10px|&#8221; custom_padding=&#8221;|||&#8221; animation_style=&#8221;fade&#8221; header_2_font_size_tablet=&#8221;40px&#8221; header_2_font_size_phone=&#8221;&#8221; header_2_font_size_last_edited=&#8221;on|tablet&#8221; global_colors_info=&#8221;{}&#8221;]<\/p>\n<h2>Nos Partenaires<\/h2>\n<p>[\/et_pb_text][et_pb_divider color=&#8221;#7CDA24&#8243; divider_position=&#8221;center&#8221; divider_weight=&#8221;3px&#8221; _builder_version=&#8221;4.21.0&#8243; max_width=&#8221;70px&#8221; module_alignment=&#8221;center&#8221; animation_style=&#8221;slide&#8221; animation_direction=&#8221;top&#8221; animation_intensity_slide=&#8221;10%&#8221; animation_starting_opacity=&#8221;100%&#8221; global_colors_info=&#8221;{}&#8221;][\/et_pb_divider][\/et_pb_column][\/et_pb_row][et_pb_row column_structure=&#8221;1_2,1_2&#8243; admin_label=&#8221;Team Area&#8221; _builder_version=&#8221;4.16&#8243; global_colors_info=&#8221;{}&#8221;][et_pb_column type=&#8221;1_2&#8243; _builder_version=&#8221;4.16&#8243; custom_padding=&#8221;|||&#8221; global_colors_info=&#8221;{}&#8221; custom_padding__hover=&#8221;|||&#8221;][et_pb_team_member name=&#8221;Me. Sally Zajfman&#8221; image_url=&#8221;https:\/\/isralegal.com\/wp-content\/uploads\/2024\/10\/SZ-.-H6A8847r-scaled4c.png&#8221; linkedin_url=&#8221;#&#8221; icon_color=&#8221;#747d88&#8243; _builder_version=&#8221;4.21.0&#8243; header_font=&#8221;Roboto Slab||||||||&#8221; header_line_height=&#8221;1.5em&#8221; body_font=&#8221;||||||||&#8221; animation_style=&#8221;fade&#8221; global_colors_info=&#8221;{}&#8221;]<\/p>\n<p><span class=\"s1\"><\/span><span class=\"s2\"><b>Avocat<\/b> depuis 1985 et <b>notaire<\/b> depuis 2000, est fondateur du Cabinet, se d\u00e9place souvent <b>vers l\u2019\u00e9tranger<\/b> et est \u00e0 votre disposition en fran\u00e7ais, en h\u00e9breu et en anglais. Pour mieux le conna\u00eetre, cliquez ici <\/span><span class=\"s3\"><b><i><a href=\"https:\/\/isralegal.com\/index.php\/sally-zajfman-sz\/\" target=\"_blank\" rel=\"noopener\">Sally<\/a>.<\/i><\/b><\/span><\/p>\n<p>[\/et_pb_team_member][\/et_pb_column][et_pb_column type=&#8221;1_2&#8243; _builder_version=&#8221;4.16&#8243; custom_padding=&#8221;|||&#8221; global_colors_info=&#8221;{}&#8221; custom_padding__hover=&#8221;|||&#8221;][et_pb_team_member name=&#8221;Me. Raphael Kornitzer (Raffi)&#8221; image_url=&#8221;https:\/\/isralegal.com\/wp-content\/uploads\/2024\/08\/SZ-.-H6A8847r-scaled.jpg&#8221; linkedin_url=&#8221;#&#8221; icon_color=&#8221;#747d88&#8243; _builder_version=&#8221;4.21.0&#8243; header_font=&#8221;Roboto Slab||||||||&#8221; header_line_height=&#8221;1.5em&#8221; body_font=&#8221;||||||||&#8221; animation_style=&#8221;fade&#8221; locked=&#8221;off&#8221; global_colors_info=&#8221;{}&#8221;]<\/p>\n<p><span class=\"s1\"><\/span><span class=\"s2\"><b>Avocat<\/b> depuis 1996 et <b>notaire <\/b>depuis 2007, est cofondateur du Cabinet, se d\u00e9place vers l\u2019\u00e9tranger et est \u00e0 votre disposition en fran\u00e7ais, en h\u00e9breu, en anglais et en n\u00e9erlandais \/ flamand. Pour mieux le conna\u00eetre, cliquez ici <\/span><span class=\"s3\"><b><i><a href=\"https:\/\/isralegal.com\/index.php\/raphael-kornitzer-new\/\">Raffi<\/a>.<\/i><\/b><\/span><\/p>\n<p>[\/et_pb_team_member][\/et_pb_column][\/et_pb_row][et_pb_row column_structure=&#8221;1_3,1_3,1_3&#8243; admin_label=&#8221;Team Area&#8221; _builder_version=&#8221;4.16&#8243; global_colors_info=&#8221;{}&#8221;][et_pb_column type=&#8221;1_3&#8243; _builder_version=&#8221;4.16&#8243; custom_padding=&#8221;|||&#8221; global_colors_info=&#8221;{}&#8221; custom_padding__hover=&#8221;|||&#8221;][et_pb_team_member name=&#8221;Me. Avichay Sharvit&#8221; image_url=&#8221;https:\/\/isralegal.com\/wp-content\/uploads\/2024\/10\/AS.-c-ConvertImage-scaled.jpg&#8221; linkedin_url=&#8221;#&#8221; icon_color=&#8221;#747d88&#8243; _builder_version=&#8221;4.21.0&#8243; header_font=&#8221;Roboto Slab||||||||&#8221; header_line_height=&#8221;1.5em&#8221; body_font=&#8221;||||||||&#8221; animation_style=&#8221;fade&#8221; locked=&#8221;off&#8221; global_colors_info=&#8221;{}&#8221;]<\/p>\n<p><span class=\"s1\"><\/span><span class=\"s2\"><b>Avocat<\/b> depuis 2004, est un avocat senior du Cabinet, et est \u00e0 votre disposition en h\u00e9breu et en anglais. Pour mieux le conna\u00eetre, cliquez ici <\/span><a href=\"https:\/\/isralegal.com\/index.php\/avichay-sharvit-new\/\"><span class=\"s3\"><b><i>Avichay<\/i><\/b><\/span><\/a><span class=\"s2\"><i>.<\/i><\/span><\/p>\n<p>[\/et_pb_team_member][\/et_pb_column][et_pb_column type=&#8221;1_3&#8243; _builder_version=&#8221;4.16&#8243; custom_padding=&#8221;|||&#8221; global_colors_info=&#8221;{}&#8221; custom_padding__hover=&#8221;|||&#8221;][et_pb_team_member name=&#8221;Me. Tsipora Bloch&#8221; image_url=&#8221;https:\/\/isralegal.com\/wp-content\/uploads\/2024\/10\/TB-.-h-ConvertImage-scaled.jpg&#8221; linkedin_url=&#8221;#&#8221; icon_color=&#8221;#747d88&#8243; _builder_version=&#8221;4.21.0&#8243; header_font=&#8221;Roboto Slab||||||||&#8221; header_line_height=&#8221;1.5em&#8221; body_font=&#8221;||||||||&#8221; animation_style=&#8221;fade&#8221; hover_enabled=&#8221;0&#8243; locked=&#8221;off&#8221; global_colors_info=&#8221;{}&#8221; sticky_enabled=&#8221;0&#8243;]<\/p>\n<p><span class=\"s1\"><\/span><span class=\"s2\"><b>Avocate<\/b> depuis 2010, est une avocate senior du Cabinet, et est \u00e0 votre disposition en fran\u00e7ais, en h\u00e9breu et en anglais. Pour mieux la conna\u00eetre, cliquez ici <\/span><a href=\"https:\/\/isralegal.com\/index.php\/tsipora-bloch-new\/\" target=\"_blank\" rel=\"noopener\"><span class=\"s3\"><b><i>Tsipora<\/i><\/b><\/span><\/a><span class=\"s2\">.<\/span><\/p>\n<p>[\/et_pb_team_member][\/et_pb_column][et_pb_column type=&#8221;1_3&#8243; _builder_version=&#8221;4.16&#8243; custom_padding=&#8221;|||&#8221; global_colors_info=&#8221;{}&#8221; custom_padding__hover=&#8221;|||&#8221;][et_pb_team_member name=&#8221;Me. Yshay Bloch&#8221; image_url=&#8221;https:\/\/isralegal.com\/wp-content\/uploads\/2024\/08\/TB-.\u05d6\u05d4-\u05e2\u05d3\u05d9\u05e4\u05d4d-scaled.jpg&#8221; linkedin_url=&#8221;#&#8221; icon_color=&#8221;#747d88&#8243; _builder_version=&#8221;4.21.0&#8243; header_font=&#8221;Roboto Slab||||||||&#8221; header_line_height=&#8221;1.5em&#8221; body_font=&#8221;||||||||&#8221; animation_style=&#8221;fade&#8221; hover_enabled=&#8221;0&#8243; global_colors_info=&#8221;{}&#8221; sticky_enabled=&#8221;0&#8243;]<\/p>\n<p><span class=\"s1\"><\/span><span class=\"s2\"><b>Avocat<\/b> depuis 2015, est un avocat senior du Cabinet, et est \u00e0 votre disposition en fran\u00e7ais, en h\u00e9breu et en anglais. Pour mieux le conna\u00eetre, cliquez ici <\/span><a href=\"https:\/\/isralegal.com\/index.php\/yshai-bloch-new\/\" target=\"_blank\" rel=\"noopener\"><span class=\"s3\"><b><i>Yshay<\/i><\/b><\/span><\/a><span class=\"s2\"><i>.<\/i><\/span><\/p>\n<p>[\/et_pb_team_member][\/et_pb_column][\/et_pb_row][et_pb_row _builder_version=&#8221;4.21.0&#8243; _module_preset=&#8221;default&#8221; global_colors_info=&#8221;{}&#8221;][et_pb_column type=&#8221;4_4&#8243; _builder_version=&#8221;4.21.0&#8243; _module_preset=&#8221;default&#8221; global_colors_info=&#8221;{}&#8221;][et_pb_text _builder_version=&#8221;4.21.0&#8243; _module_preset=&#8221;default&#8221; global_colors_info=&#8221;{}&#8221;]<\/p>\n<p class=\"p1\">Et bien entendu, nous travaillons en \u00e9troite collaboration avec les professionnels de notre ample r\u00e9seau, <b>en Isra\u00ebl ou en Belgique, au Luxembourg, en France et en partie francophone de la Suisse<\/b>, tels qu\u2019agent immobilier, expert-immobilier, notaire, avocat, fiscaliste, courtiers d\u2019assurances, conseiller en investissements immobiliers (nous vous invitons \u00e0 lire les articles mensuellement publi\u00e9s dans ce site <a href=\"https:\/\/isralegal.com\/index.php\/blog\/\">Lien vers articles A.R<\/a>.), courtier chasseur d\u2019hypoth\u00e8que, etc\u2026<\/p>\n<p>[\/et_pb_text][\/et_pb_column][\/et_pb_row][\/et_pb_section][et_pb_section fb_built=&#8221;1&#8243; admin_label=&#8221;CTA Section&#8221; _builder_version=&#8221;4.16&#8243; use_background_color_gradient=&#8221;on&#8221; background_color_gradient_stops=&#8221;#313e47 0%|rgba(49,62,71,0.74) 100%&#8221; background_color_gradient_overlays_image=&#8221;on&#8221; background_color_gradient_start=&#8221;#313e47&#8243; background_color_gradient_end=&#8221;rgba(49,62,71,0.74)&#8221; background_image=&#8221;https:\/\/isralegal.com\/wp-content\/uploads\/2024\/01\/law-firm-18.jpg&#8221; custom_padding=&#8221;200px|0px|200px|&#8221; border_color_all=&#8221;#26333a&#8221; border_width_left=&#8221;8vw&#8221; global_colors_info=&#8221;{}&#8221;][et_pb_row column_structure=&#8221;1_2,1_2&#8243; use_custom_gutter=&#8221;on&#8221; gutter_width=&#8221;2&#8243; admin_label=&#8221;CTA Area&#8221; _builder_version=&#8221;4.16&#8243; locked=&#8221;off&#8221; global_colors_info=&#8221;{}&#8221;][et_pb_column type=&#8221;1_2&#8243; _builder_version=&#8221;4.16&#8243; custom_padding=&#8221;|||&#8221; global_colors_info=&#8221;{}&#8221; custom_padding__hover=&#8221;|||&#8221;][et_pb_text admin_label=&#8221;Title&#8221; _builder_version=&#8221;4.21.0&#8243; text_font=&#8221;||||||||&#8221; header_font=&#8221;||||||||&#8221; header_2_font=&#8221;Prata||||||||&#8221; header_2_font_size=&#8221;48px&#8221; header_2_line_height=&#8221;1.6em&#8221; background_layout=&#8221;dark&#8221; module_alignment=&#8221;center&#8221; custom_margin=&#8221;|||&#8221; custom_padding=&#8221;|||&#8221; animation_style=&#8221;fade&#8221; header_2_font_size_tablet=&#8221;40px&#8221; header_2_font_size_phone=&#8221;&#8221; header_2_font_size_last_edited=&#8221;on|tablet&#8221; locked=&#8221;off&#8221; global_colors_info=&#8221;{}&#8221;]<\/p>\n<h2>L&#8217;excellence \u00e0 votre service<\/h2>\n<p>[\/et_pb_text][\/et_pb_column][et_pb_column type=&#8221;1_2&#8243; _builder_version=&#8221;4.16&#8243; custom_padding=&#8221;|||&#8221; global_colors_info=&#8221;{}&#8221; custom_padding__hover=&#8221;|||&#8221;][et_pb_button button_url=&#8221;https:\/\/isralegal.com\/index.php\/contact\/&#8221; button_text=&#8221;Prendre rendez-vous&#8221; _builder_version=&#8221;4.21.0&#8243; custom_button=&#8221;on&#8221; button_text_size=&#8221;14px&#8221; button_text_color=&#8221;#7CDA24&#8243; button_bg_color=&#8221;RGBA(255,255,255,0)&#8221; button_border_width=&#8221;2px&#8221; button_border_color=&#8221;#7CDA24&#8243; button_border_radius=&#8221;0px&#8221; button_letter_spacing=&#8221;4px&#8221; button_font=&#8221;|700||on|||||&#8221; button_icon=&#8221;&#x24;||divi||400&#8243; button_icon_color=&#8221;#000000&#8243; custom_margin=&#8221;10px|||&#8221; custom_padding=&#8221;10px||10px|&#8221; animation_style=&#8221;fade&#8221; animation_direction=&#8221;right&#8221; button_bg_color_hover=&#8221;rgba(0,0,0,0)&#8221; global_colors_info=&#8221;{}&#8221; button_text_size__hover_enabled=&#8221;off&#8221; button_one_text_size__hover_enabled=&#8221;off&#8221; button_two_text_size__hover_enabled=&#8221;off&#8221; button_text_color__hover_enabled=&#8221;off&#8221; button_one_text_color__hover_enabled=&#8221;off&#8221; button_two_text_color__hover_enabled=&#8221;off&#8221; button_border_width__hover_enabled=&#8221;off&#8221; button_one_border_width__hover_enabled=&#8221;off&#8221; button_two_border_width__hover_enabled=&#8221;off&#8221; button_border_color__hover_enabled=&#8221;off&#8221; button_one_border_color__hover_enabled=&#8221;off&#8221; button_two_border_color__hover_enabled=&#8221;off&#8221; button_border_radius__hover_enabled=&#8221;off&#8221; button_one_border_radius__hover_enabled=&#8221;off&#8221; button_two_border_radius__hover_enabled=&#8221;off&#8221; button_letter_spacing__hover_enabled=&#8221;off&#8221; button_one_letter_spacing__hover_enabled=&#8221;off&#8221; button_two_letter_spacing__hover_enabled=&#8221;off&#8221; button_bg_color__hover_enabled=&#8221;on&#8221; button_bg_color__hover=&#8221;rgba(0,0,0,0)&#8221; button_one_bg_color__hover_enabled=&#8221;off&#8221; button_two_bg_color__hover_enabled=&#8221;off&#8221;][\/et_pb_button][\/et_pb_column][\/et_pb_row][\/et_pb_section]<\/p>\n","protected":false},"excerpt":{"rendered":"<p>L\u2019\u00e9quipe du Cabinet Zajfman-Kornitzer et Associ\u00e9sNos bureaux principaux se trouvent au centre-ville de J\u00e9rusalem au 1 rue Raoul Wallenberg (7\u00e8me \u00e9tage), pr\u00e8s du tramway. Nous avons une antenne \u00e0 l\u2019entr\u00e9e sud de Tel-Aviv sise au 55A rue Ygal Alon au 4\u00e8me \u00e9tage (uniquement sur rendez-vous). Toutefois, nous nous d\u00e9pla\u00e7ons, sur rendez-vous, \u00e9galement chez le client, [&hellip;]<\/p>\n","protected":false},"author":2,"featured_media":0,"parent":0,"menu_order":0,"comment_status":"closed","ping_status":"closed","template":"","meta":{"_et_pb_use_builder":"on","_et_pb_old_content":"","_et_gb_content_width":"","footnotes":""},"class_list":["post-824","page","type-page","status-publish","hentry"],"_links":{"self":[{"href":"https:\/\/isralegal.com\/en\/index.php\/wp-json\/wp\/v2\/pages\/824","targetHints":{"allow":["GET"]}}],"collection":[{"href":"https:\/\/isralegal.com\/en\/index.php\/wp-json\/wp\/v2\/pages"}],"about":[{"href":"https:\/\/isralegal.com\/en\/index.php\/wp-json\/wp\/v2\/types\/page"}],"author":[{"embeddable":true,"href":"https:\/\/isralegal.com\/en\/index.php\/wp-json\/wp\/v2\/users\/2"}],"replies":[{"embeddable":true,"href":"https:\/\/isralegal.com\/en\/index.php\/wp-json\/wp\/v2\/comments?post=824"}],"version-history":[{"count":18,"href":"https:\/\/isralegal.com\/en\/index.php\/wp-json\/wp\/v2\/pages\/824\/revisions"}],"predecessor-version":[{"id":1437,"href":"https:\/\/isralegal.com\/en\/index.php\/wp-json\/wp\/v2\/pages\/824\/revisions\/1437"}],"wp:attachment":[{"href":"https:\/\/isralegal.com\/en\/index.php\/wp-json\/wp\/v2\/media?parent=824"}],"curies":[{"name":"wp","href":"https:\/\/api.w.org\/{rel}","templated":true}]}}