{"id":1085,"date":"2025-02-16T16:59:57","date_gmt":"2025-02-16T16:59:57","guid":{"rendered":"https:\/\/isralegal.com\/index.php\/sally-zajfman-sz-2\/"},"modified":"2025-06-10T14:42:52","modified_gmt":"2025-06-10T14:42:52","slug":"sally-zajfman-sz","status":"publish","type":"page","link":"https:\/\/isralegal.com\/he\/index.php\/sally-zajfman-sz\/","title":{"rendered":"Sally Zajfman SZ old"},"content":{"rendered":"<p>[et_pb_section fb_built=&quot;1&quot; admin_label=&quot;Why Choose Us Section&quot; _builder_version=&quot;4.21.0&quot; background_color=&quot;#0C71C3&quot; custom_padding=&quot;0px||0px|&quot; global_colors_info=&quot;{}&quot;][et_pb_row column_structure=&quot;1_2,1_2&quot; admin_label=&quot;Why Choose Us Area&quot; _builder_version=&quot;4.21.0&quot; width=&quot;100%&quot; max_width=&quot;100%&quot; custom_margin=&quot;|||9px|false|false&quot; custom_padding=&quot;0px|0px|0px|&quot; use_custom_width=&quot;on&quot; width_unit=&quot;off&quot; custom_width_percent=&quot;100%&quot; global_colors_info=&quot;{}&quot;][et_pb_column type=&quot;1_2&quot; _builder_version=&quot;4.16&quot; custom_padding=&quot;|||&quot; global_colors_info=&quot;{}&quot; custom_padding__hover=&quot;|||&quot;][et_pb_text admin_label=&quot;Title&quot; _builder_version=&quot;4.21.0&quot; text_font=&quot;||||||||&quot; header_font=&quot;||||||||&quot; header_2_font=&quot;Prata||||||||&quot; header_2_font_size=&quot;48px&quot; header_2_line_height=&quot;1.6em&quot; background_layout=&quot;dark&quot; custom_margin=&quot;||10px|&quot; animation_style=&quot;slide&quot; animation_direction=&quot;right&quot; animation_intensity_slide=&quot;5%&quot; animation_starting_opacity=&quot;100%&quot; header_2_font_size_tablet=&quot;40px&quot; header_2_font_size_phone=&quot;&quot; header_2_font_size_last_edited=&quot;on|tablet&quot; locked=&quot;off&quot; global_colors_info=&quot;{}&quot;]<\/p>\n<h2><b><\/b><\/h2>\n<h2><b>Sally ZAJFMAN<\/b><\/h2>\n<p>[\/et_pb_text][et_pb_divider color=&quot;#ffffff&quot; divider_position=&quot;center&quot; divider_weight=&quot;3px&quot; _builder_version=&quot;4.16&quot; max_width=&quot;70px&quot; custom_margin=&quot;||35px|&quot; animation_style=&quot;slide&quot; animation_direction=&quot;right&quot; animation_intensity_slide=&quot;5%&quot; animation_starting_opacity=&quot;100%&quot; locked=&quot;off&quot; global_colors_info=&quot;{}&quot;][\/et_pb_divider][et_pb_text _builder_version=&quot;4.21.0&quot; text_font=&quot;||||||||&quot; text_font_size=&quot;16px&quot; text_line_height=&quot;1.8em&quot; header_font=&quot;||||||||&quot; header_3_font=&quot;Roboto Slab||||||||&quot; header_3_line_height=&quot;1.4em&quot; background_layout=&quot;dark&quot; custom_margin=&quot;|||&quot; animation_style=&quot;slide&quot; animation_direction=&quot;right&quot; animation_intensity_slide=&quot;5%&quot; animation_starting_opacity=&quot;100%&quot; global_colors_info=&quot;{}&quot;]<\/p>\n<p style=\"text-align: justify;\"><strong><br \/><img loading=\"lazy\" decoding=\"async\" src=\"https:\/\/isralegal.com\/wp-content\/uploads\/2025\/02\/4-199x300.png\" width=\"199\" height=\"300\" alt=\"\" class=\"wp-image-939 alignleft size-medium\" \/>Avocat &amp; Notaire<\/strong><\/p>\n<p style=\"text-align: justify;\">Votre partenaire privil\u00e9gi\u00e9 dans vos d\u00e9marches juridiques en Isra\u00ebl<span class=\"Apple-converted-space\">\u00a0<\/span><\/p>\n<p style=\"text-align: justify;\">N\u00e9 \u00e0 Bruxelles en Belgique en 1958, a immigr\u00e9 vers Isra\u00ebl en 1978<\/p>\n<p style=\"text-align: justify;\">R\u00e9side \u00e0 J\u00e9rusalem depuis, mari\u00e9 et p\u00e8re de trois enfants (et 5 petits-enfants)<\/p>\n<p style=\"text-align: justify;\"><a href=\"mailto:sally@isralegal.com\"><b>sally@isralegal.com<\/b><\/a><span> <span class=\"Apple-converted-space\">\u00a0<\/span><\/span><\/p>\n<p style=\"text-align: justify;\"><b>Formation:<\/b><span class=\"Apple-tab-span\"> <\/span>A<span class=\"Apple-converted-space\"> <\/span>entam\u00e9 ses \u00e9tudes de droit d\u2019abord \u00e0 l\u2019ULB (Bruxelles) puis les a reprises \u00e0 la facult\u00e9 de Droit \u00e0 l\u2019Universit\u00e9 H\u00e9bra\u00efque de J\u00e9rusalem en 1984<\/p>\n<p style=\"text-align: justify;\">A achev\u00e9 son stage en 1985<\/p>\n<p style=\"text-align: justify;\"><b>Avocat en Isra\u00ebl<\/b>\u00a0:<span class=\"Apple-converted-space\">\u00a0 <span class=\"Apple-tab-span\"> <\/span><\/span>Membre du Barreau d\u2019Isra\u00ebl depuis 1985<\/p>\n<p style=\"text-align: justify;\"><b>Notaire en Isra\u00ebl<\/b>\u00a0: <span class=\"Apple-tab-span\"> <\/span>Enregistr\u00e9 \u00e0 l\u2019ordre des Notaires en Isra\u00ebl depuis 2000<b><\/b><\/p>\n<p style=\"text-align: justify;\"><b>Exp\u00e9rience\u00a0professionnelle:<\/b><span class=\"Apple-tab-span\"> <\/span>fondateur et ind\u00e9pendant au sein du cabinet d'avocats Sherman-Zajfman depuis 1987<\/p>\n<p style=\"text-align: justify;\"><span class=\"Apple-tab-span\"> <\/span>Co-fondateur et Senior Partenaire du cabinet d'avocats et notaires Zajfman-Kornitzer &amp; Co. depuis 2014<\/p>\n<p style=\"text-align: justify;\"><span class=\"Apple-tab-span\"> <\/span>Cabinet principal \u00e0 J\u00e9rusalem, avec antenne \u00e0 Tel-Aviv depuis 2015<span class=\"Apple-tab-span\"> <\/span><\/p>\n<p style=\"text-align: justify;\"><b>Domaines de Sp\u00e9cialisations\u00a0<\/b>:<span class=\"Apple-tab-span\"> <\/span><\/p>\n<p style=\"text-align: justify;\"><b><a href=\"https:\/\/youtu.be\/lbh3oeasorU?si=3kT8P1Z2bAkF2UqJ\">Immobilier<\/a>\u00a0\u2013 <span class=\"Apple-tab-span\"> <\/span><\/b>acquisition, vente, donation, leg successoral, mise en location, location, d\u00e9veloppement, renouveau urbain \u2013 r\u00e9daction de conventions et escorte juridique<span class=\"Apple-converted-space\">\u00a0<\/span><\/p>\n<p>[\/et_pb_text][\/et_pb_column][et_pb_column type=&quot;1_2&quot; _builder_version=&quot;4.16&quot; custom_padding=&quot;|||&quot; global_colors_info=&quot;{}&quot; custom_padding__hover=&quot;|||&quot;][et_pb_image src=&quot;https:\/\/isralegal.com\/wp-content\/uploads\/2024\/01\/law-firm-31.jpg&quot; title_text=&quot;law-firm-31&quot; _builder_version=&quot;4.21.0&quot; _module_preset=&quot;default&quot; min_height=&quot;883px&quot; height=&quot;724px&quot; max_height=&quot;724px&quot; global_colors_info=&quot;{}&quot;][\/et_pb_image][\/et_pb_column][\/et_pb_row][\/et_pb_section][et_pb_section fb_built=&quot;1&quot; admin_label=&quot;Why Choose Us Section&quot; _builder_version=&quot;4.21.0&quot; background_color=&quot;#FFFFFF&quot; custom_padding=&quot;0px||0px|&quot; global_colors_info=&quot;{}&quot;][et_pb_row column_structure=&quot;1_2,1_2&quot; admin_label=&quot;Why Choose Us Area&quot; _builder_version=&quot;4.21.0&quot; width=&quot;100%&quot; max_width=&quot;100%&quot; custom_margin=&quot;|||9px|false|false&quot; custom_padding=&quot;0px|0px|0px|&quot; use_custom_width=&quot;on&quot; width_unit=&quot;off&quot; custom_width_percent=&quot;100%&quot; global_colors_info=&quot;{}&quot;][et_pb_column type=&quot;1_2&quot; _builder_version=&quot;4.16&quot; custom_padding=&quot;|||&quot; global_colors_info=&quot;{}&quot; custom_padding__hover=&quot;|||&quot;][et_pb_text _builder_version=&quot;4.21.0&quot; text_font=&quot;||||||||&quot; text_font_size=&quot;16px&quot; text_line_height=&quot;1.8em&quot; header_font=&quot;||||||||&quot; header_3_font=&quot;Roboto Slab||||||||&quot; header_3_line_height=&quot;1.4em&quot; background_layout=&quot;dark&quot; custom_margin=&quot;|||&quot; animation_style=&quot;slide&quot; animation_direction=&quot;right&quot; animation_intensity_slide=&quot;5%&quot; animation_starting_opacity=&quot;100%&quot; hover_enabled=&quot;0&quot; global_colors_info=&quot;{}&quot; sticky_enabled=&quot;0&quot;]<\/p>\n<p style=\"text-align: justify;\"><span style=\"color: #3366ff;\"><b><\/b><\/span><\/p>\n<p style=\"text-align: justify;\"><span style=\"color: #3366ff;\"><b>Droits des successions<\/b> et \u00ab Office Family \u00bb &#8211; <span>r\u00e9daction de testaments individuels ou mutuels en plusieurs langues, fid\u00e9icommissions testamentaires, planification de successions en Isra\u00ebl et \u00e0 l\u2019\u00e9tranger, ex\u00e9cution de testaments et d\u2019actes de notori\u00e9t\u00e9\/d\u00e9volution successorale, administration de successions ou fid\u00e9icommissions, en Isra\u00ebl et \u00e0 l\u2019\u00e9tranger.<\/span><\/span><\/p>\n<p style=\"text-align: justify;\"><span style=\"color: #3366ff;\"><b>Contrats<\/b> <b>et commercial<\/b> \u2013 r\u00e9daction de tout contrat commercial, de donation, de pr\u00eat et immigration en Isra\u00ebl, conseil<b> <\/b>g\u00e9n\u00e9ral, y compris en investissements immobiliers, de renouveau urbain et autres en Isra\u00ebl.<\/span><\/p>\n<p style=\"text-align: justify;\"><span style=\"color: #3366ff;\"><b>Droit<\/b> <b>IL des Fondations, <\/b><\/span><span style=\"color: #3366ff;\"><b>des soci\u00e9t\u00e9s et des<\/b> <b>ASBL<\/b> (associations sans buts lucratif) en <b>Isra\u00ebl<\/b>:<\/span><\/p>\n<p style=\"text-align: justify;\"><span style=\"color: #3366ff;\">leur constitution en Isra\u00ebl et r\u00e9daction de tous documents de formation, leur administration ainsi que le conseil quotidien<b>,<\/b> conseil et accompagnement aux individus d\u00e9sirant faire des donations \u00e0 des institutions caritatives en Isra\u00ebl<b><\/b><\/span><\/p>\n<p style=\"text-align: justify;\"><span style=\"color: #3366ff;\"><b>Notariat isra\u00e9lien &#8211; <\/b>Toutes <b>attestations notari\u00e9es isra\u00e9liennes<\/b> : Certifications de signatures, de testaments, de vie, de traductions, etc. en plusieurs langues,<\/span><br \/><span style=\"color: #3366ff;\">avec <b>traductions juridiques<\/b> (en h\u00e9breu, fran\u00e7ais, anglais et partiellement en n\u00e9erlandais-flamand)<\/span><\/p>\n<p style=\"text-align: justify;\"><span style=\"color: #3366ff;\"><span class=\"Apple-tab-span\"> <\/span>Conseils juridiques et notaires <b>isra\u00e9liens r\u00e9f\u00e9r\u00e9s du Consulat G\u00e9n\u00e9ral de Belgique \u00e0 J\u00e9rusalem<\/b>, vers\u00e9s dans les aspects belges consulaires<\/span><\/p>\n<p style=\"text-align: justify;\"><span style=\"color: #3366ff;\"><b>Autres domaines particuliers\u00a0:<\/b><b><\/b><\/span><\/p>\n<p style=\"text-align: justify;\"><span style=\"color: #3366ff;\"><b>Immobilier &#8211; <\/b><span class=\"Apple-tab-span\"> <\/span>en Isra\u00ebl, gestion de biens, investissements, groupe d\u2019investisseurs, renouveau urbain, etc\u2026<\/span><\/p>\n<p style=\"text-align: justify;\"><span style=\"color: #3366ff;\"><span class=\"Apple-tab-span\"> <\/span>\u00c9galement par le biais de notre soci\u00e9t\u00e9 de gestion sp\u00e9cifique \u201c<a href=\"https:\/\/isralegal.com\/he\/index.php\/zajfman-kornitzer-real-estate-management-maintenance-ltd\/\" target=\"_blank\" rel=\"noopener\">Zajfman-Kornitzer Nadlan maintenance et gestion Ltd.<\/a>&quot;<\/span><\/p>\n<p style=\"text-align: justify;\"><span style=\"color: #3366ff;\"><b>Client &#8211; <\/b><span class=\"Apple-tab-span\"> <\/span>est v\u00e9ritablement \u00ab\u00a0roi\u00a0\u00bb\u00a0: sur rendez-vous, <b>nous rencontrons le client<\/b>, dans tout le pays et aussi \u00e0 l\u2019\u00e9tranger (en Europe ou en Am\u00e9rique du Nord), frontalement ou par vid\u00e9o-conf\u00e9rence<\/span><\/p>\n<p style=\"text-align: justify;\"><span style=\"color: #3366ff;\">Connaissance basique du droit dans ces domaines aussi \u00e0 l\u2019\u00e9tranger (partiellement)<\/span><\/p>\n<p style=\"text-align: justify;\"><span style=\"color: #3366ff;\"><b>R\u00e9seau de professionnels &#8211; <\/b><span class=\"Apple-tab-span\"> <\/span>reli\u00e9 \u00e0 un r\u00e9seau de sp\u00e9cialistes, en Isra\u00ebl et \u00e0 l\u2019\u00e9tranger, pour une collaboration \u00e9troite : avocats, notaires, experts-comptables, conseillers fiscaux, banquiers, agents immobiliers, ing\u00e9nieurs, architectes, etc..<b><\/b><\/span><\/p>\n<p style=\"text-align: justify;\"><span style=\"color: #3366ff;\"><b>Services :<span class=\"Apple-tab-span\"> <\/span><\/b>Mandat de protection future (reconnu par le Minist\u00e8re IL de la Justice), instructions m\u00e9dicales, \u2026<b><\/b><\/span><\/p>\n<p style=\"text-align: justify;\"><span style=\"color: #3366ff;\"><b>Langues\u00a0:<\/b> <b><span class=\"Apple-tab-span\"> <\/span>fran\u00e7ais<\/b> (langue maternelle)<\/span><\/p>\n<p style=\"text-align: justify;\"><span style=\"color: #3366ff;\"><b>h\u00e9breu<\/b> (niveau langue maternelle)<\/span><\/p>\n<p style=\"text-align: justify;\"><span style=\"color: #3366ff;\">anglais (courant)<\/span><\/p>\n<p style=\"text-align: justify;\"><span style=\"color: #3366ff;\">n\u00e9erlandais-flamand (niveau de base)<\/span><\/p>\n<p style=\"text-align: justify;\"><span style=\"color: #3366ff;\"><b>Autres activit\u00e9s<\/b>\u00a0:<span class=\"Apple-tab-span\"> <\/span><\/span><\/p>\n<p style=\"text-align: justify;\"><span style=\"color: #3366ff;\">Vice-Pr\u00e9sident de la <b>Commission pour les Affaires des R\u00e9sidents \u00e9trangers au Barreau <\/b>d<b>\u2019<\/b>Isra\u00ebl (J\u00e9rusalem)<\/span><\/p>\n<p style=\"text-align: justify;\"><span style=\"color: #3366ff;\">Clown m\u00e9dical (\u00ab\u00a0Sababa Sally\u00a0\u00bb)<\/span><\/p>\n<p style=\"text-align: justify;\"><span style=\"color: #3366ff;\">Dans ma vie, l\u2019humour est roi, et la confiance est reine !<\/span><\/p>\n<p style=\"text-align: justify;\"><span style=\"color: #3366ff;\">Pr\u00e9sident d\u2019honneur, ex-pr\u00e9sident et membre du comit\u00e9 de <a href=\"http:\/\/www.obi-il.org\/\" style=\"color: #3366ff;\">l'Association des Originaires de Belgique en Isra\u00ebl<\/a> OBI<\/span><\/p>\n<p style=\"text-align: justify;\"><span style=\"color: #3366ff;\">Ex-vice-pr\u00e9sident des Amiti\u00e9s Isra\u00ebl-Belgique de J\u00e9rusalem<\/span><\/p>\n<p style=\"text-align: justify;\"><span style=\"color: #3366ff;\">Ex-tr\u00e9sorier, ex- pr\u00e9sident et membre du comit\u00e9 fondateur du Site des Juifs de Belgique SJB<\/span><\/p>\n<p style=\"text-align: justify;\"><span style=\"color: #3366ff;\">Ex-tr\u00e9sorier et membre du comit\u00e9 de l'Association Bnei-Harama \u00e0 Ramot J\u00e9rusalem<\/span><\/p>\n<p>[\/et_pb_text][et_pb_button button_url=&quot;https:\/\/isralegal.com\/index.php\/notre-equipe\/&quot; button_text=&quot;Voir l'\u00e9quipe &quot; _builder_version=&quot;4.21.0&quot; _module_preset=&quot;default&quot; custom_button=&quot;on&quot; button_text_color=&quot;#FFFFFF&quot; button_bg_color=&quot;#0C71C3&quot; global_colors_info=&quot;{}&quot;][\/et_pb_button][\/et_pb_column][et_pb_column type=&quot;1_2&quot; _builder_version=&quot;4.16&quot; custom_padding=&quot;80px|5%|80px|&quot; custom_padding_tablet=&quot;|10%||10%&quot; custom_padding_phone=&quot;|10%||10%&quot; custom_padding_last_edited=&quot;on|tablet&quot; global_colors_info=&quot;{}&quot; padding_tablet=&quot;|10%||10%&quot; padding_last_edited=&quot;on|tablet&quot; custom_padding__hover=&quot;|||&quot; padding_phone=&quot;|10%||10%&quot;][et_pb_image src=&quot;https:\/\/isralegal.com\/wp-content\/uploads\/2024\/08\/photorealistic-lawyer-environment-min-scaled.jpg&quot; title_text=&quot;photorealistic-lawyer-environment-min&quot; show_bottom_space=&quot;off&quot; force_fullwidth=&quot;on&quot; align_tablet=&quot;center&quot; align_phone=&quot;center&quot; align_last_edited=&quot;on|desktop&quot; _builder_version=&quot;4.21.0&quot; global_colors_info=&quot;{}&quot;][\/et_pb_image][\/et_pb_column][\/et_pb_row][\/et_pb_section][et_pb_section fb_built=&quot;1&quot; admin_label=&quot;CTA Section&quot; _builder_version=&quot;4.16&quot; use_background_color_gradient=&quot;on&quot; background_color_gradient_stops=&quot;#313e47 0%|rgba(49,62,71,0.74) 100%&quot; background_color_gradient_overlays_image=&quot;on&quot; background_color_gradient_start=&quot;#313e47&quot; background_color_gradient_end=&quot;rgba(49,62,71,0.74)&quot; background_image=&quot;https:\/\/isralegal.com\/wp-content\/uploads\/2024\/01\/law-firm-18.jpg&quot; custom_padding=&quot;200px|0px|200px|&quot; border_color_all=&quot;#26333a&quot; border_width_left=&quot;8vw&quot; global_colors_info=&quot;{}&quot;][et_pb_row column_structure=&quot;1_2,1_2&quot; use_custom_gutter=&quot;on&quot; gutter_width=&quot;2&quot; admin_label=&quot;CTA Area&quot; _builder_version=&quot;4.16&quot; locked=&quot;off&quot; global_colors_info=&quot;{}&quot;][et_pb_column type=&quot;1_2&quot; _builder_version=&quot;4.16&quot; custom_padding=&quot;|||&quot; global_colors_info=&quot;{}&quot; custom_padding__hover=&quot;|||&quot;][et_pb_text admin_label=&quot;Title&quot; _builder_version=&quot;4.21.0&quot; text_font=&quot;||||||||&quot; header_font=&quot;||||||||&quot; header_2_font=&quot;Prata||||||||&quot; header_2_font_size=&quot;48px&quot; header_2_line_height=&quot;1.6em&quot; background_layout=&quot;dark&quot; module_alignment=&quot;center&quot; custom_margin=&quot;|||&quot; custom_padding=&quot;|||&quot; animation_style=&quot;fade&quot; header_2_font_size_tablet=&quot;40px&quot; header_2_font_size_phone=&quot;&quot; header_2_font_size_last_edited=&quot;on|tablet&quot; locked=&quot;off&quot; global_colors_info=&quot;{}&quot;]<\/p>\n<h2>L'excellence \u00e0 votre service<\/h2>\n<p>[\/et_pb_text][\/et_pb_column][et_pb_column type=&quot;1_2&quot; _builder_version=&quot;4.16&quot; custom_padding=&quot;|||&quot; global_colors_info=&quot;{}&quot; custom_padding__hover=&quot;|||&quot;][et_pb_button button_url=&quot;https:\/\/isralegal.com\/index.php\/contact\/&quot; button_text=&quot;Prendre rendez-vous&quot; _builder_version=&quot;4.21.0&quot; custom_button=&quot;on&quot; button_text_size=&quot;14px&quot; button_text_color=&quot;#7CDA24&quot; button_bg_color=&quot;RGBA(255,255,255,0)&quot; button_border_width=&quot;2px&quot; button_border_color=&quot;#7CDA24&quot; button_border_radius=&quot;0px&quot; button_letter_spacing=&quot;4px&quot; button_font=&quot;|700||on|||||&quot; button_icon=&quot;&#x24;||divi||400&quot; button_icon_color=&quot;#000000&quot; custom_margin=&quot;10px|||&quot; custom_padding=&quot;10px||10px|&quot; animation_style=&quot;fade&quot; animation_direction=&quot;right&quot; button_bg_color_hover=&quot;rgba(0,0,0,0)&quot; global_colors_info=&quot;{}&quot; button_text_size__hover_enabled=&quot;off&quot; button_one_text_size__hover_enabled=&quot;off&quot; button_two_text_size__hover_enabled=&quot;off&quot; button_text_color__hover_enabled=&quot;off&quot; button_one_text_color__hover_enabled=&quot;off&quot; button_two_text_color__hover_enabled=&quot;off&quot; button_border_width__hover_enabled=&quot;off&quot; button_one_border_width__hover_enabled=&quot;off&quot; button_two_border_width__hover_enabled=&quot;off&quot; button_border_color__hover_enabled=&quot;off&quot; button_one_border_color__hover_enabled=&quot;off&quot; button_two_border_color__hover_enabled=&quot;off&quot; button_border_radius__hover_enabled=&quot;off&quot; button_one_border_radius__hover_enabled=&quot;off&quot; button_two_border_radius__hover_enabled=&quot;off&quot; button_letter_spacing__hover_enabled=&quot;off&quot; button_one_letter_spacing__hover_enabled=&quot;off&quot; button_two_letter_spacing__hover_enabled=&quot;off&quot; button_bg_color__hover_enabled=&quot;on&quot; button_bg_color__hover=&quot;rgba(0,0,0,0)&quot; button_one_bg_color__hover_enabled=&quot;off&quot; button_two_bg_color__hover_enabled=&quot;off&quot;][\/et_pb_button][\/et_pb_column][\/et_pb_row][\/et_pb_section]<\/p>\n","protected":false},"excerpt":{"rendered":"<p>Sally ZAJFMANAvocat &amp; Notaire Votre partenaire privil\u00e9gi\u00e9 dans vos d\u00e9marches juridiques en Isra\u00ebl\u00a0 N\u00e9 \u00e0 Bruxelles en Belgique en 1958, a immigr\u00e9 vers Isra\u00ebl en 1978 R\u00e9side \u00e0 J\u00e9rusalem depuis, mari\u00e9 et p\u00e8re de trois enfants (et 5 petits-enfants) sally@isralegal.com \u00a0 Formation: A entam\u00e9 ses \u00e9tudes de droit d\u2019abord \u00e0 l\u2019ULB (Bruxelles) puis les a [&hellip;]<\/p>\n","protected":false},"author":2,"featured_media":0,"parent":0,"menu_order":0,"comment_status":"closed","ping_status":"closed","template":"","meta":{"_et_pb_use_builder":"on","_et_pb_old_content":"","_et_gb_content_width":"","footnotes":""},"class_list":["post-1085","page","type-page","status-publish","hentry"],"_links":{"self":[{"href":"https:\/\/isralegal.com\/he\/index.php\/wp-json\/wp\/v2\/pages\/1085","targetHints":{"allow":["GET"]}}],"collection":[{"href":"https:\/\/isralegal.com\/he\/index.php\/wp-json\/wp\/v2\/pages"}],"about":[{"href":"https:\/\/isralegal.com\/he\/index.php\/wp-json\/wp\/v2\/types\/page"}],"author":[{"embeddable":true,"href":"https:\/\/isralegal.com\/he\/index.php\/wp-json\/wp\/v2\/users\/2"}],"replies":[{"embeddable":true,"href":"https:\/\/isralegal.com\/he\/index.php\/wp-json\/wp\/v2\/comments?post=1085"}],"version-history":[{"count":5,"href":"https:\/\/isralegal.com\/he\/index.php\/wp-json\/wp\/v2\/pages\/1085\/revisions"}],"predecessor-version":[{"id":1476,"href":"https:\/\/isralegal.com\/he\/index.php\/wp-json\/wp\/v2\/pages\/1085\/revisions\/1476"}],"wp:attachment":[{"href":"https:\/\/isralegal.com\/he\/index.php\/wp-json\/wp\/v2\/media?parent=1085"}],"curies":[{"name":"wp","href":"https:\/\/api.w.org\/{rel}","templated":true}]}}