{"id":565,"date":"2024-01-15T19:07:14","date_gmt":"2024-01-15T19:07:14","guid":{"rendered":"https:\/\/isralegal.com\/index.php\/notre-equipe\/"},"modified":"2025-06-08T14:08:43","modified_gmt":"2025-06-08T14:08:43","slug":"notre-equipe","status":"publish","type":"page","link":"https:\/\/isralegal.com\/he\/index.php\/notre-equipe\/","title":{"rendered":"Notre \u00e9quipe"},"content":{"rendered":"<p>[et_pb_section fb_built=&quot;1&quot; admin_label=&quot;Why Choose Us Section&quot; _builder_version=&quot;4.21.0&quot; background_color=&quot;#0C71C3&quot; custom_padding=&quot;0px||0px|&quot; global_colors_info=&quot;{}&quot;][et_pb_row column_structure=&quot;1_2,1_2&quot; admin_label=&quot;Why Choose Us Area&quot; _builder_version=&quot;4.16&quot; width=&quot;100%&quot; max_width=&quot;100%&quot; custom_margin=&quot;|||&quot; custom_padding=&quot;0px|0px|0px|&quot; use_custom_width=&quot;on&quot; width_unit=&quot;off&quot; custom_width_percent=&quot;100%&quot; global_colors_info=&quot;{}&quot;][et_pb_column type=&quot;1_2&quot; _builder_version=&quot;4.16&quot; custom_padding=&quot;|||&quot; global_colors_info=&quot;{}&quot; custom_padding__hover=&quot;|||&quot;][et_pb_image src=&quot;https:\/\/isralegal.com\/wp-content\/uploads\/2024\/01\/law-firm-14.jpg&quot; show_bottom_space=&quot;off&quot; force_fullwidth=&quot;on&quot; align_tablet=&quot;center&quot; align_phone=&quot;center&quot; align_last_edited=&quot;on|desktop&quot; _builder_version=&quot;4.16&quot; global_colors_info=&quot;{}&quot;][\/et_pb_image][\/et_pb_column][et_pb_column type=&quot;1_2&quot; _builder_version=&quot;4.16&quot; custom_padding=&quot;80px|5%|80px|&quot; custom_padding_tablet=&quot;|10%||10%&quot; custom_padding_phone=&quot;|10%||10%&quot; custom_padding_last_edited=&quot;on|tablet&quot; global_colors_info=&quot;{}&quot; padding_tablet=&quot;|10%||10%&quot; padding_last_edited=&quot;on|tablet&quot; custom_padding__hover=&quot;|||&quot; padding_phone=&quot;|10%||10%&quot;][et_pb_text admin_label=&quot;Title&quot; _builder_version=&quot;4.21.0&quot; text_font=&quot;||||||||&quot; header_font=&quot;||||||||&quot; header_2_font=&quot;Prata||||||||&quot; header_2_font_size=&quot;48px&quot; header_2_line_height=&quot;1.6em&quot; background_layout=&quot;dark&quot; custom_margin=&quot;||10px|&quot; animation_style=&quot;slide&quot; animation_direction=&quot;right&quot; animation_intensity_slide=&quot;5%&quot; animation_starting_opacity=&quot;100%&quot; header_2_font_size_tablet=&quot;40px&quot; header_2_font_size_phone=&quot;&quot; header_2_font_size_last_edited=&quot;on|tablet&quot; locked=&quot;off&quot; global_colors_info=&quot;{}&quot;]<\/p>\n<h2><span class=\"s2\"><b>L\u2019\u00e9quipe du Cabinet Zajfman-Kornitzer et Associ\u00e9s<\/b><\/span><\/h2>\n<p>[\/et_pb_text][et_pb_divider color=&quot;#ffffff&quot; divider_position=&quot;center&quot; divider_weight=&quot;3px&quot; _builder_version=&quot;4.16&quot; max_width=&quot;70px&quot; custom_margin=&quot;||35px|&quot; animation_style=&quot;slide&quot; animation_direction=&quot;right&quot; animation_intensity_slide=&quot;5%&quot; animation_starting_opacity=&quot;100%&quot; locked=&quot;off&quot; global_colors_info=&quot;{}&quot;][\/et_pb_divider][et_pb_text _builder_version=&quot;4.21.0&quot; text_font=&quot;||||||||&quot; text_font_size=&quot;16px&quot; text_line_height=&quot;1.8em&quot; header_font=&quot;||||||||&quot; header_3_font=&quot;Roboto Slab||||||||&quot; header_3_line_height=&quot;1.4em&quot; background_layout=&quot;dark&quot; custom_margin=&quot;|||&quot; animation_style=&quot;slide&quot; animation_direction=&quot;right&quot; animation_intensity_slide=&quot;5%&quot; animation_starting_opacity=&quot;100%&quot; global_colors_info=&quot;{}&quot;]<\/p>\n<p class=\"p2\">Nos bureaux principaux se trouvent <b>au centre-ville de J\u00e9rusalem<\/b> au <b> 1 rue Raoul Wallenberg (7\u00e8me \u00e9tage)<\/b>, pr\u00e8s du tramway. Nous avons une <b>antenne \u00e0 l\u2019entr\u00e9e sud de Tel-Aviv<\/b> sise au 55A rue Ygal Alon au 4<span class=\"s3\"><sup>\u00e8me<\/sup><\/span> \u00e9tage (uniquement sur rendez-vous).<\/p>\n<p class=\"p2\">Toutefois, nous nous d\u00e9pla\u00e7ons, sur rendez-vous, <b>\u00e9galement chez le client, en Isra\u00ebl <\/b>(centre du pays) ainsi qu\u2019en<b> Belgique, au Luxembourg, en France et en Suisse<\/b>.<\/p>\n<p class=\"p2\">Notre \u00e9quipe administrative est compos\u00e9e de <b>3 secr\u00e9taires de direction<\/b> tri\u00e9es sur le volet pour leur efficacit\u00e9, d\u00e9votion et dynamisme (toutes parlant 3 ou 4 langues) : entre autres : Ida Reinman, Yael Cohen, Tova Cohen.<\/p>\n<p class=\"p2\">Notre \u00e9quipe de juristes est compos\u00e9e de <b>5 avocats<\/b>\u00a0qui travaillent avec nous depuis longtemps\u00a0:<\/p>\n<p>[\/et_pb_text][\/et_pb_column][\/et_pb_row][\/et_pb_section][et_pb_section fb_built=&quot;1&quot; admin_label=&quot;Team Section&quot; _builder_version=&quot;4.16&quot; custom_margin=&quot;||100px|&quot; custom_padding=&quot;110px|||&quot; global_colors_info=&quot;{}&quot;][et_pb_row admin_label=&quot;Team Area&quot; _builder_version=&quot;4.16&quot; locked=&quot;off&quot; global_colors_info=&quot;{}&quot;][et_pb_column type=&quot;4_4&quot; _builder_version=&quot;4.16&quot; custom_padding=&quot;|||&quot; global_colors_info=&quot;{}&quot; custom_padding__hover=&quot;|||&quot;][et_pb_text admin_label=&quot;Title&quot; _builder_version=&quot;4.21.0&quot; text_font=&quot;||||||||&quot; header_font=&quot;||||||||&quot; header_2_font=&quot;Playfair Display||||||||&quot; header_2_text_align=&quot;center&quot; header_2_font_size=&quot;48px&quot; header_2_line_height=&quot;1.6em&quot; custom_margin=&quot;||10px|&quot; custom_padding=&quot;|||&quot; animation_style=&quot;fade&quot; header_2_font_size_tablet=&quot;40px&quot; header_2_font_size_phone=&quot;&quot; header_2_font_size_last_edited=&quot;on|tablet&quot; global_colors_info=&quot;{}&quot;]<\/p>\n<h2>Nos Partenaires<\/h2>\n<p>[\/et_pb_text][et_pb_divider color=&quot;#7CDA24&quot; divider_position=&quot;center&quot; divider_weight=&quot;3px&quot; _builder_version=&quot;4.21.0&quot; max_width=&quot;70px&quot; module_alignment=&quot;center&quot; animation_style=&quot;slide&quot; animation_direction=&quot;top&quot; animation_intensity_slide=&quot;10%&quot; animation_starting_opacity=&quot;100%&quot; global_colors_info=&quot;{}&quot;][\/et_pb_divider][\/et_pb_column][\/et_pb_row][et_pb_row column_structure=&quot;1_2,1_2&quot; admin_label=&quot;Team Area&quot; _builder_version=&quot;4.16&quot; global_colors_info=&quot;{}&quot;][et_pb_column type=&quot;1_2&quot; _builder_version=&quot;4.16&quot; custom_padding=&quot;|||&quot; global_colors_info=&quot;{}&quot; custom_padding__hover=&quot;|||&quot;][et_pb_team_member name=&quot;Me. Sally Zajfman&quot; image_url=&quot;https:\/\/isralegal.com\/wp-content\/uploads\/2024\/10\/SZ-.-H6A8847r-scaled4c.png&quot; linkedin_url=&quot;#&quot; icon_color=&quot;#747d88&quot; _builder_version=&quot;4.21.0&quot; header_font=&quot;Roboto Slab||||||||&quot; header_line_height=&quot;1.5em&quot; body_font=&quot;||||||||&quot; animation_style=&quot;fade&quot; global_colors_info=&quot;{}&quot;]<\/p>\n<p><span class=\"s1\"><\/span><span class=\"s2\"><b>Avocat<\/b> depuis 1985 et <b>notaire<\/b> depuis 2000, est fondateur du Cabinet, se d\u00e9place souvent <b>vers l\u2019\u00e9tranger<\/b> et est \u00e0 votre disposition en fran\u00e7ais, en h\u00e9breu et en anglais. Pour mieux le conna\u00eetre, cliquez ici <\/span><span class=\"s3\"><b><i><a href=\"https:\/\/isralegal.com\/he\/index.php\/sally-zajfman-sz\/\" target=\"_blank\" rel=\"noopener\">Sally<\/a>.<\/i><\/b><\/span><\/p>\n<p>[\/et_pb_team_member][\/et_pb_column][et_pb_column type=&quot;1_2&quot; _builder_version=&quot;4.16&quot; custom_padding=&quot;|||&quot; global_colors_info=&quot;{}&quot; custom_padding__hover=&quot;|||&quot;][et_pb_team_member name=&quot;Me. Raphael Kornitzer (Raffi)&quot; image_url=&quot;https:\/\/isralegal.com\/wp-content\/uploads\/2024\/08\/SZ-.-H6A8847r-scaled.jpg&quot; linkedin_url=&quot;#&quot; icon_color=&quot;#747d88&quot; _builder_version=&quot;4.21.0&quot; header_font=&quot;Roboto Slab||||||||&quot; header_line_height=&quot;1.5em&quot; body_font=&quot;||||||||&quot; animation_style=&quot;fade&quot; locked=&quot;off&quot; global_colors_info=&quot;{}&quot;]<\/p>\n<p><span class=\"s1\"><\/span><span class=\"s2\"><b>Avocat<\/b> depuis 1996 et <b>notaire <\/b>depuis 2007, est cofondateur du Cabinet, se d\u00e9place vers l\u2019\u00e9tranger et est \u00e0 votre disposition en fran\u00e7ais, en h\u00e9breu, en anglais et en n\u00e9erlandais \/ flamand. Pour mieux le conna\u00eetre, cliquez ici <\/span><span class=\"s3\"><b><i><a href=\"https:\/\/isralegal.com\/index.php\/raphael-kornitzer-new\/\">Raffi<\/a>.<\/i><\/b><\/span><\/p>\n<p>[\/et_pb_team_member][\/et_pb_column][\/et_pb_row][et_pb_row column_structure=&quot;1_3,1_3,1_3&quot; admin_label=&quot;Team Area&quot; _builder_version=&quot;4.16&quot; global_colors_info=&quot;{}&quot;][et_pb_column type=&quot;1_3&quot; _builder_version=&quot;4.16&quot; custom_padding=&quot;|||&quot; global_colors_info=&quot;{}&quot; custom_padding__hover=&quot;|||&quot;][et_pb_team_member name=&quot;Me. Avichay Sharvit&quot; image_url=&quot;https:\/\/isralegal.com\/wp-content\/uploads\/2024\/10\/AS.-c-ConvertImage-scaled.jpg&quot; linkedin_url=&quot;#&quot; icon_color=&quot;#747d88&quot; _builder_version=&quot;4.21.0&quot; header_font=&quot;Roboto Slab||||||||&quot; header_line_height=&quot;1.5em&quot; body_font=&quot;||||||||&quot; animation_style=&quot;fade&quot; locked=&quot;off&quot; global_colors_info=&quot;{}&quot;]<\/p>\n<p><span class=\"s1\"><\/span><span class=\"s2\"><b>Avocat<\/b> depuis 2004, est un avocat senior du Cabinet, et est \u00e0 votre disposition en h\u00e9breu et en anglais. Pour mieux le conna\u00eetre, cliquez ici <\/span><a href=\"https:\/\/isralegal.com\/index.php\/avichay-sharvit-new\/\"><span class=\"s3\"><b><i>Avichay<\/i><\/b><\/span><\/a><span class=\"s2\"><i>.<\/i><\/span><\/p>\n<p>[\/et_pb_team_member][\/et_pb_column][et_pb_column type=&quot;1_3&quot; _builder_version=&quot;4.16&quot; custom_padding=&quot;|||&quot; global_colors_info=&quot;{}&quot; custom_padding__hover=&quot;|||&quot;][et_pb_team_member name=&quot;Me. Tsipora Bloch&quot; image_url=&quot;https:\/\/isralegal.com\/wp-content\/uploads\/2024\/10\/TB-.-h-ConvertImage-scaled.jpg&quot; linkedin_url=&quot;#&quot; icon_color=&quot;#747d88&quot; _builder_version=&quot;4.21.0&quot; header_font=&quot;Roboto Slab||||||||&quot; header_line_height=&quot;1.5em&quot; body_font=&quot;||||||||&quot; animation_style=&quot;fade&quot; hover_enabled=&quot;0&quot; locked=&quot;off&quot; global_colors_info=&quot;{}&quot; sticky_enabled=&quot;0&quot;]<\/p>\n<p><span class=\"s1\"><\/span><span class=\"s2\"><b>Avocate<\/b> depuis 2010, est une avocate senior du Cabinet, et est \u00e0 votre disposition en fran\u00e7ais, en h\u00e9breu et en anglais. Pour mieux la conna\u00eetre, cliquez ici <\/span><a href=\"https:\/\/isralegal.com\/index.php\/tsipora-bloch-new\/\" target=\"_blank\" rel=\"noopener\"><span class=\"s3\"><b><i>Tsipora<\/i><\/b><\/span><\/a><span class=\"s2\">.<\/span><\/p>\n<p>[\/et_pb_team_member][\/et_pb_column][et_pb_column type=&quot;1_3&quot; _builder_version=&quot;4.16&quot; custom_padding=&quot;|||&quot; global_colors_info=&quot;{}&quot; custom_padding__hover=&quot;|||&quot;][et_pb_team_member name=&quot;Me. Yshay Bloch&quot; image_url=&quot;https:\/\/isralegal.com\/wp-content\/uploads\/2024\/08\/TB-.\u05d6\u05d4-\u05e2\u05d3\u05d9\u05e4\u05d4d-scaled.jpg&quot; linkedin_url=&quot;#&quot; icon_color=&quot;#747d88&quot; _builder_version=&quot;4.21.0&quot; header_font=&quot;Roboto Slab||||||||&quot; header_line_height=&quot;1.5em&quot; body_font=&quot;||||||||&quot; animation_style=&quot;fade&quot; hover_enabled=&quot;0&quot; global_colors_info=&quot;{}&quot; sticky_enabled=&quot;0&quot;]<\/p>\n<p><span class=\"s1\"><\/span><span class=\"s2\"><b>Avocat<\/b> depuis 2015, est un avocat senior du Cabinet, et est \u00e0 votre disposition en fran\u00e7ais, en h\u00e9breu et en anglais. Pour mieux le conna\u00eetre, cliquez ici <\/span><a href=\"https:\/\/isralegal.com\/index.php\/yshai-bloch-new\/\" target=\"_blank\" rel=\"noopener\"><span class=\"s3\"><b><i>Yshay<\/i><\/b><\/span><\/a><span class=\"s2\"><i>.<\/i><\/span><\/p>\n<p>[\/et_pb_team_member][\/et_pb_column][\/et_pb_row][et_pb_row _builder_version=&quot;4.21.0&quot; _module_preset=&quot;default&quot; global_colors_info=&quot;{}&quot;][et_pb_column type=&quot;4_4&quot; _builder_version=&quot;4.21.0&quot; _module_preset=&quot;default&quot; global_colors_info=&quot;{}&quot;][et_pb_text _builder_version=&quot;4.21.0&quot; _module_preset=&quot;default&quot; global_colors_info=&quot;{}&quot;]<\/p>\n<p class=\"p1\">Et bien entendu, nous travaillons en \u00e9troite collaboration avec les professionnels de notre ample r\u00e9seau, <b>en Isra\u00ebl ou en Belgique, au Luxembourg, en France et en partie francophone de la Suisse<\/b>, tels qu\u2019agent immobilier, expert-immobilier, notaire, avocat, fiscaliste, courtiers d\u2019assurances, conseiller en investissements immobiliers (nous vous invitons \u00e0 lire les articles mensuellement publi\u00e9s dans ce site <a href=\"https:\/\/isralegal.com\/he\/index.php\/blog\/\">Lien vers articles A.R<\/a>.), courtier chasseur d\u2019hypoth\u00e8que, etc\u2026<\/p>\n<p>[\/et_pb_text][\/et_pb_column][\/et_pb_row][\/et_pb_section][et_pb_section fb_built=&quot;1&quot; admin_label=&quot;CTA Section&quot; _builder_version=&quot;4.16&quot; use_background_color_gradient=&quot;on&quot; background_color_gradient_stops=&quot;#313e47 0%|rgba(49,62,71,0.74) 100%&quot; background_color_gradient_overlays_image=&quot;on&quot; background_color_gradient_start=&quot;#313e47&quot; background_color_gradient_end=&quot;rgba(49,62,71,0.74)&quot; background_image=&quot;https:\/\/isralegal.com\/wp-content\/uploads\/2024\/01\/law-firm-18.jpg&quot; custom_padding=&quot;200px|0px|200px|&quot; border_color_all=&quot;#26333a&quot; border_width_left=&quot;8vw&quot; global_colors_info=&quot;{}&quot;][et_pb_row column_structure=&quot;1_2,1_2&quot; use_custom_gutter=&quot;on&quot; gutter_width=&quot;2&quot; admin_label=&quot;CTA Area&quot; _builder_version=&quot;4.16&quot; locked=&quot;off&quot; global_colors_info=&quot;{}&quot;][et_pb_column type=&quot;1_2&quot; _builder_version=&quot;4.16&quot; custom_padding=&quot;|||&quot; global_colors_info=&quot;{}&quot; custom_padding__hover=&quot;|||&quot;][et_pb_text admin_label=&quot;Title&quot; _builder_version=&quot;4.21.0&quot; text_font=&quot;||||||||&quot; header_font=&quot;||||||||&quot; header_2_font=&quot;Prata||||||||&quot; header_2_font_size=&quot;48px&quot; header_2_line_height=&quot;1.6em&quot; background_layout=&quot;dark&quot; module_alignment=&quot;center&quot; custom_margin=&quot;|||&quot; custom_padding=&quot;|||&quot; animation_style=&quot;fade&quot; header_2_font_size_tablet=&quot;40px&quot; header_2_font_size_phone=&quot;&quot; header_2_font_size_last_edited=&quot;on|tablet&quot; locked=&quot;off&quot; global_colors_info=&quot;{}&quot;]<\/p>\n<h2>L'excellence \u00e0 votre service<\/h2>\n<p>[\/et_pb_text][\/et_pb_column][et_pb_column type=&quot;1_2&quot; _builder_version=&quot;4.16&quot; custom_padding=&quot;|||&quot; global_colors_info=&quot;{}&quot; custom_padding__hover=&quot;|||&quot;][et_pb_button button_url=&quot;https:\/\/isralegal.com\/index.php\/contact\/&quot; button_text=&quot;Prendre rendez-vous&quot; _builder_version=&quot;4.21.0&quot; custom_button=&quot;on&quot; button_text_size=&quot;14px&quot; button_text_color=&quot;#7CDA24&quot; button_bg_color=&quot;RGBA(255,255,255,0)&quot; button_border_width=&quot;2px&quot; button_border_color=&quot;#7CDA24&quot; button_border_radius=&quot;0px&quot; button_letter_spacing=&quot;4px&quot; button_font=&quot;|700||on|||||&quot; button_icon=&quot;&#x24;||divi||400&quot; button_icon_color=&quot;#000000&quot; custom_margin=&quot;10px|||&quot; custom_padding=&quot;10px||10px|&quot; animation_style=&quot;fade&quot; animation_direction=&quot;right&quot; button_bg_color_hover=&quot;rgba(0,0,0,0)&quot; global_colors_info=&quot;{}&quot; button_text_size__hover_enabled=&quot;off&quot; button_one_text_size__hover_enabled=&quot;off&quot; button_two_text_size__hover_enabled=&quot;off&quot; button_text_color__hover_enabled=&quot;off&quot; button_one_text_color__hover_enabled=&quot;off&quot; button_two_text_color__hover_enabled=&quot;off&quot; button_border_width__hover_enabled=&quot;off&quot; button_one_border_width__hover_enabled=&quot;off&quot; button_two_border_width__hover_enabled=&quot;off&quot; button_border_color__hover_enabled=&quot;off&quot; button_one_border_color__hover_enabled=&quot;off&quot; button_two_border_color__hover_enabled=&quot;off&quot; button_border_radius__hover_enabled=&quot;off&quot; button_one_border_radius__hover_enabled=&quot;off&quot; button_two_border_radius__hover_enabled=&quot;off&quot; button_letter_spacing__hover_enabled=&quot;off&quot; button_one_letter_spacing__hover_enabled=&quot;off&quot; button_two_letter_spacing__hover_enabled=&quot;off&quot; button_bg_color__hover_enabled=&quot;on&quot; button_bg_color__hover=&quot;rgba(0,0,0,0)&quot; button_one_bg_color__hover_enabled=&quot;off&quot; button_two_bg_color__hover_enabled=&quot;off&quot;][\/et_pb_button][\/et_pb_column][\/et_pb_row][\/et_pb_section]<\/p>\n","protected":false},"excerpt":{"rendered":"<p>L\u2019\u00e9quipe du Cabinet Zajfman-Kornitzer et Associ\u00e9sNos bureaux principaux se trouvent au centre-ville de J\u00e9rusalem au 1 rue Raoul Wallenberg (7\u00e8me \u00e9tage), pr\u00e8s du tramway. Nous avons une antenne \u00e0 l\u2019entr\u00e9e sud de Tel-Aviv sise au 55A rue Ygal Alon au 4\u00e8me \u00e9tage (uniquement sur rendez-vous). Toutefois, nous nous d\u00e9pla\u00e7ons, sur rendez-vous, \u00e9galement chez le client, [&hellip;]<\/p>\n","protected":false},"author":2,"featured_media":0,"parent":0,"menu_order":0,"comment_status":"closed","ping_status":"closed","template":"","meta":{"_et_pb_use_builder":"on","_et_pb_old_content":"","_et_gb_content_width":"","footnotes":""},"class_list":["post-565","page","type-page","status-publish","hentry"],"_links":{"self":[{"href":"https:\/\/isralegal.com\/he\/index.php\/wp-json\/wp\/v2\/pages\/565","targetHints":{"allow":["GET"]}}],"collection":[{"href":"https:\/\/isralegal.com\/he\/index.php\/wp-json\/wp\/v2\/pages"}],"about":[{"href":"https:\/\/isralegal.com\/he\/index.php\/wp-json\/wp\/v2\/types\/page"}],"author":[{"embeddable":true,"href":"https:\/\/isralegal.com\/he\/index.php\/wp-json\/wp\/v2\/users\/2"}],"replies":[{"embeddable":true,"href":"https:\/\/isralegal.com\/he\/index.php\/wp-json\/wp\/v2\/comments?post=565"}],"version-history":[{"count":19,"href":"https:\/\/isralegal.com\/he\/index.php\/wp-json\/wp\/v2\/pages\/565\/revisions"}],"predecessor-version":[{"id":1436,"href":"https:\/\/isralegal.com\/he\/index.php\/wp-json\/wp\/v2\/pages\/565\/revisions\/1436"}],"wp:attachment":[{"href":"https:\/\/isralegal.com\/he\/index.php\/wp-json\/wp\/v2\/media?parent=565"}],"curies":[{"name":"wp","href":"https:\/\/api.w.org\/{rel}","templated":true}]}}