{"id":602,"date":"2024-01-15T19:11:53","date_gmt":"2024-01-15T19:11:53","guid":{"rendered":"https:\/\/isralegal.com\/index.php\/contact\/"},"modified":"2024-12-30T13:58:23","modified_gmt":"2024-12-30T13:58:23","slug":"contact","status":"publish","type":"page","link":"https:\/\/isralegal.com\/he\/index.php\/contact\/","title":{"rendered":"Contact"},"content":{"rendered":"\n[et_pb_section fb_built=&quot;1&quot; admin_label=&quot;Page Title Section&quot; _builder_version=&quot;4.16&quot; use_background_color_gradient=&quot;on&quot; background_color_gradient_stops=&quot;#313e47 0%|rgba(49,62,71,0.5) 100%&quot; background_color_gradient_overlays_image=&quot;on&quot; background_color_gradient_start=&quot;#313e47&quot; background_color_gradient_end=&quot;rgba(49,62,71,0.5)&quot; background_image=&quot;https:\/\/isralegal.com\/wp-content\/uploads\/2024\/01\/law-firm-27.jpg&quot; custom_padding=&quot;120px||120px|&quot; global_colors_info=&quot;{}&quot;][et_pb_row admin_label=&quot;Page Title Area&quot; _builder_version=&quot;4.16&quot; background_size=&quot;initial&quot; background_position=&quot;top_left&quot; background_repeat=&quot;repeat&quot; global_colors_info=&quot;{}&quot;][et_pb_column type=&quot;4_4&quot; _builder_version=&quot;4.16&quot; custom_padding=&quot;|||&quot; global_colors_info=&quot;{}&quot; custom_padding__hover=&quot;|||&quot;][et_pb_text admin_label=&quot;Page Title&quot; _builder_version=&quot;4.21.0&quot; text_font=&quot;||||||||&quot; text_font_size=&quot;18px&quot; text_line_height=&quot;2em&quot; link_font=&quot;||||||||&quot; ul_font=&quot;||||||||&quot; ol_font=&quot;||||||||&quot; quote_font=&quot;||||||||&quot; header_font=&quot;Prata||||||||&quot; header_font_size=&quot;60px&quot; header_line_height=&quot;1.6em&quot; header_2_font=&quot;||||||||&quot; header_3_font=&quot;||||||||&quot; header_4_font=&quot;||||||||&quot; header_5_font=&quot;||||||||&quot; header_6_font=&quot;||||||||&quot; text_orientation=&quot;center&quot; background_layout=&quot;dark&quot; max_width=&quot;700px&quot; module_alignment=&quot;center&quot; custom_margin=&quot;|||&quot; animation_style=&quot;fade&quot; header_font_size_tablet=&quot;40px&quot; header_font_size_phone=&quot;&quot; header_font_size_last_edited=&quot;on|tablet&quot; global_colors_info=&quot;{}&quot;]<h1>Nous Contacter<\/h1>\n<p><span>le Cabinet Zajfman-Kornitzer et son \u00e9quipe conseillent ses clients\u00a0<\/span><b>en droit isra\u00e9lien<\/b><span>,\u00a0<\/span><b>tant en Isra\u00ebl qu\u2019\u00e0 l\u2019\u00e9tranger<span>\u00a0<\/span><\/b><span>et accompagne,<\/span><b>en 4<span class=\"Apple-converted-space\">\u00a0<span>\u00a0<\/span><\/span>langues<br \/><\/b><span>\u00a0(h\u00e9breu, anglais, fran\u00e7ais et si n\u00e9cessaire,<\/span><span>m\u00eame en n\u00e9erlandais \/ flamand)<\/span><\/p>[\/et_pb_text][\/et_pb_column][\/et_pb_row][\/et_pb_section][et_pb_section fb_built=&quot;1&quot; admin_label=&quot;Get In Touch Section&quot; _builder_version=&quot;4.21.0&quot; background_color=&quot;#f7f7f7&quot; custom_padding=&quot;110px||110px|&quot; border_width_right=&quot;8vw&quot; border_color_right=&quot;#AADB24&quot; global_colors_info=&quot;{}&quot;][et_pb_row column_structure=&quot;1_3,1_3,1_3&quot; make_equal=&quot;on&quot; admin_label=&quot;Get In Touch Area&quot; _builder_version=&quot;4.16&quot; global_colors_info=&quot;{}&quot;][et_pb_column type=&quot;1_3&quot; _builder_version=&quot;4.16&quot; custom_padding=&quot;|||&quot; global_colors_info=&quot;{}&quot; custom_padding__hover=&quot;|||&quot;][et_pb_blurb title=&quot;T\u00e9l\u00e9phone&quot; use_icon=&quot;on&quot; font_icon=&quot;&#xe090;||divi||400&quot; icon_color=&quot;#0C71C3&quot; image_icon_background_color=&quot;rgba(126,190,197,0)&quot; image_icon_width=&quot;18px&quot; admin_label=&quot;Phone&quot; _builder_version=&quot;4.21.0&quot; header_font=&quot;Roboto Slab||||||||&quot; header_font_size=&quot;20px&quot; header_line_height=&quot;2em&quot; body_font=&quot;||||||||&quot; body_font_size=&quot;16px&quot; body_line_height=&quot;1em&quot; background_color=&quot;#ffffff&quot; image_icon_custom_padding=&quot;25px|25px|25px|25px|false|false&quot; text_orientation=&quot;center&quot; custom_padding=&quot;60px||60px|&quot; animation_style=&quot;zoom&quot; animation_intensity_zoom=&quot;2%&quot; animation=&quot;off&quot; hover_enabled=&quot;0&quot; border_radii_image=&quot;on|100%|100%|100%|100%&quot; border_width_all_image=&quot;3px&quot; border_color_all_image=&quot;#7CDA24&quot; box_shadow_style=&quot;preset2&quot; box_shadow_horizontal=&quot;0px&quot; box_shadow_vertical=&quot;10px&quot; box_shadow_blur=&quot;60px&quot; box_shadow_color=&quot;rgba(29,61,71,0.1)&quot; icon_font_size=&quot;18px&quot; use_circle=&quot;on&quot; use_circle_border=&quot;on&quot; circle_border_color=&quot;#ffba60&quot; circle_color=&quot;rgba(126,190,197,0)&quot; global_colors_info=&quot;{}&quot; image_icon_background_color__sticky_enabled=&quot;#7EBEC5&quot; image_icon_background_color__sticky=&quot;#7EBEC5&quot; sticky_enabled=&quot;0&quot;]<p>+972.2 &#8211; 622 22 23<\/p>\n<p><span><strong>WhatsApp (vocal et messages)<\/strong> <\/p>\n<p>+972.58-622.3021<\/span><\/p>\n<p><strong>VOIP BE<\/strong> +32.3.301.3232<\/p>\n<p><strong>Fax<\/strong> +972 2-622-30-22<\/p>[\/et_pb_blurb][\/et_pb_column][et_pb_column type=&quot;1_3&quot; _builder_version=&quot;4.16&quot; custom_padding=&quot;|||&quot; global_colors_info=&quot;{}&quot; custom_padding__hover=&quot;|||&quot;][et_pb_blurb title=&quot;Email&quot; use_icon=&quot;on&quot; font_icon=&quot;&#xe076;||divi||400&quot; icon_color=&quot;#0C71C3&quot; image_icon_background_color=&quot;rgba(126,190,197,0)&quot; image_icon_width=&quot;18px&quot; admin_label=&quot;Email&quot; _builder_version=&quot;4.21.0&quot; header_font=&quot;Roboto Slab||||||||&quot; header_font_size=&quot;20px&quot; header_line_height=&quot;2em&quot; body_font=&quot;||||||||&quot; body_font_size=&quot;16px&quot; body_line_height=&quot;1em&quot; background_color=&quot;#ffffff&quot; image_icon_custom_padding=&quot;25px|25px|25px|25px|false|false&quot; text_orientation=&quot;center&quot; custom_padding=&quot;60px||60px|&quot; animation_style=&quot;zoom&quot; animation_intensity_zoom=&quot;2%&quot; animation=&quot;off&quot; hover_enabled=&quot;0&quot; border_radii_image=&quot;on|100%|100%|100%|100%&quot; border_width_all_image=&quot;3px&quot; border_color_all_image=&quot;#7CDA24&quot; box_shadow_style=&quot;preset2&quot; box_shadow_horizontal=&quot;0px&quot; box_shadow_vertical=&quot;10px&quot; box_shadow_blur=&quot;60px&quot; box_shadow_color=&quot;rgba(29,61,71,0.1)&quot; icon_font_size=&quot;18px&quot; use_circle=&quot;on&quot; use_circle_border=&quot;on&quot; circle_border_color=&quot;#ffba60&quot; circle_color=&quot;rgba(126,190,197,0)&quot; locked=&quot;off&quot; global_colors_info=&quot;{}&quot; image_icon_background_color__sticky_enabled=&quot;#7EBEC5&quot; image_icon_background_color__sticky=&quot;#7EBEC5&quot; sticky_enabled=&quot;0&quot;]<p><a href=\"mailto:reception@isralegal.com\">reception@isralegal.com<\/a><\/p>[\/et_pb_blurb][\/et_pb_column][et_pb_column type=&quot;1_3&quot; _builder_version=&quot;4.16&quot; custom_padding=&quot;|||&quot; global_colors_info=&quot;{}&quot; custom_padding__hover=&quot;|||&quot;][et_pb_blurb title=&quot;Adresse&quot; use_icon=&quot;on&quot; font_icon=&quot;&#xe081;||divi||400&quot; icon_color=&quot;#0C71C3&quot; image_icon_background_color=&quot;rgba(126,190,197,0)&quot; image_icon_width=&quot;18px&quot; admin_label=&quot;Address&quot; _builder_version=&quot;4.21.0&quot; header_font=&quot;Roboto Slab||||||||&quot; header_font_size=&quot;20px&quot; header_line_height=&quot;2em&quot; body_font=&quot;||||||||&quot; body_font_size=&quot;16px&quot; body_line_height=&quot;1em&quot; background_color=&quot;#ffffff&quot; image_icon_custom_padding=&quot;25px|25px|25px|25px|false|false&quot; text_orientation=&quot;center&quot; custom_padding=&quot;60px||60px|&quot; animation_style=&quot;zoom&quot; animation_intensity_zoom=&quot;2%&quot; animation=&quot;off&quot; hover_enabled=&quot;0&quot; border_radii_image=&quot;on|100%|100%|100%|100%&quot; border_width_all_image=&quot;3px&quot; border_color_all_image=&quot;#7CDA24&quot; box_shadow_style=&quot;preset2&quot; box_shadow_horizontal=&quot;0px&quot; box_shadow_vertical=&quot;10px&quot; box_shadow_blur=&quot;60px&quot; box_shadow_color=&quot;rgba(29,61,71,0.1)&quot; icon_font_size=&quot;18px&quot; use_circle=&quot;on&quot; use_circle_border=&quot;on&quot; circle_border_color=&quot;#ffba60&quot; circle_color=&quot;rgba(126,190,197,0)&quot; locked=&quot;off&quot; global_colors_info=&quot;{}&quot; image_icon_background_color__sticky_enabled=&quot;#7EBEC5&quot; image_icon_background_color__sticky=&quot;#7EBEC5&quot; sticky_enabled=&quot;0&quot;]<p><span lang=\"FR\">1 rue Raoul Wallenberg (7<span>\u00e8me \u00e9tage<\/span>),<\/span><\/p>\n<p>J\u00e9rusalem 9435701 Isra<span>\u00eb<\/span>l<\/p>[\/et_pb_blurb][\/et_pb_column][\/et_pb_row][et_pb_row _builder_version=&quot;4.16&quot; global_colors_info=&quot;{}&quot;][et_pb_column type=&quot;4_4&quot; _builder_version=&quot;4.16&quot; custom_padding=&quot;|||&quot; global_colors_info=&quot;{}&quot; custom_padding__hover=&quot;|||&quot;][et_pb_contact_form captcha=&quot;off&quot; email=&quot;sally@isralegal.com&quot; title=&quot;Envoyer un Message&quot; submit_button_text=&quot;Envoyer&quot; module_id=&quot;et_pb_contact_form_0&quot; _builder_version=&quot;4.21.0&quot; form_field_background_color=&quot;rgba(0,0,0,0)&quot; title_level=&quot;h2&quot; title_font=&quot;Prata||||||||&quot; title_font_size=&quot;42px&quot; title_line_height=&quot;1.4em&quot; form_field_font=&quot;||||||||&quot; form_field_font_size=&quot;16px&quot; custom_button=&quot;on&quot; button_text_size=&quot;14px&quot; button_text_color=&quot;rgba(0,0,0,0.8)&quot; button_bg_color=&quot;#7CDA24&quot; button_border_width=&quot;12px&quot; button_border_color=&quot;#7CDA24&quot; button_border_radius=&quot;0px&quot; button_letter_spacing=&quot;4px&quot; button_font=&quot;|700||on|||||&quot; button_icon=&quot;&#x24;||divi||400&quot; custom_margin=&quot;|||&quot; custom_padding=&quot;|||&quot; animation_style=&quot;slide&quot; animation_direction=&quot;right&quot; animation_intensity_slide=&quot;5%&quot; animation_starting_opacity=&quot;100%&quot; border_width_all=&quot;1px&quot; border_color_all=&quot;rgba(0,0,0,0.12)&quot; border_style_all=&quot;solid&quot; form_background_color=&quot;rgba(0,0,0,0)&quot; global_colors_info=&quot;{}&quot;][et_pb_contact_field field_id=&quot;Name&quot; field_title=&quot;Nom&quot; _builder_version=&quot;4.21.0&quot; global_colors_info=&quot;{}&quot; button_text_size__hover_enabled=&quot;off&quot; button_one_text_size__hover_enabled=&quot;off&quot; button_two_text_size__hover_enabled=&quot;off&quot; button_text_color__hover_enabled=&quot;off&quot; button_one_text_color__hover_enabled=&quot;off&quot; button_two_text_color__hover_enabled=&quot;off&quot; button_border_width__hover_enabled=&quot;off&quot; button_one_border_width__hover_enabled=&quot;off&quot; button_two_border_width__hover_enabled=&quot;off&quot; button_border_color__hover_enabled=&quot;off&quot; button_one_border_color__hover_enabled=&quot;off&quot; button_two_border_color__hover_enabled=&quot;off&quot; button_border_radius__hover_enabled=&quot;off&quot; button_one_border_radius__hover_enabled=&quot;off&quot; button_two_border_radius__hover_enabled=&quot;off&quot; button_letter_spacing__hover_enabled=&quot;off&quot; button_one_letter_spacing__hover_enabled=&quot;off&quot; button_two_letter_spacing__hover_enabled=&quot;off&quot; button_bg_color__hover_enabled=&quot;off&quot; button_one_bg_color__hover_enabled=&quot;off&quot; button_two_bg_color__hover_enabled=&quot;off&quot;][\/et_pb_contact_field][et_pb_contact_field field_id=&quot;Email&quot; field_title=&quot;Email&quot; field_type=&quot;email&quot; _builder_version=&quot;4.21.0&quot; global_colors_info=&quot;{}&quot; button_text_size__hover_enabled=&quot;off&quot; button_one_text_size__hover_enabled=&quot;off&quot; button_two_text_size__hover_enabled=&quot;off&quot; button_text_color__hover_enabled=&quot;off&quot; button_one_text_color__hover_enabled=&quot;off&quot; button_two_text_color__hover_enabled=&quot;off&quot; button_border_width__hover_enabled=&quot;off&quot; button_one_border_width__hover_enabled=&quot;off&quot; button_two_border_width__hover_enabled=&quot;off&quot; button_border_color__hover_enabled=&quot;off&quot; button_one_border_color__hover_enabled=&quot;off&quot; button_two_border_color__hover_enabled=&quot;off&quot; button_border_radius__hover_enabled=&quot;off&quot; button_one_border_radius__hover_enabled=&quot;off&quot; button_two_border_radius__hover_enabled=&quot;off&quot; button_letter_spacing__hover_enabled=&quot;off&quot; button_one_letter_spacing__hover_enabled=&quot;off&quot; button_two_letter_spacing__hover_enabled=&quot;off&quot; button_bg_color__hover_enabled=&quot;off&quot; button_one_bg_color__hover_enabled=&quot;off&quot; button_two_bg_color__hover_enabled=&quot;off&quot;][\/et_pb_contact_field][et_pb_contact_field field_id=&quot;Message&quot; field_title=&quot;Message&quot; field_type=&quot;text&quot; fullwidth_field=&quot;on&quot; _builder_version=&quot;4.16&quot; global_colors_info=&quot;{}&quot; button_text_size__hover_enabled=&quot;off&quot; button_one_text_size__hover_enabled=&quot;off&quot; button_two_text_size__hover_enabled=&quot;off&quot; button_text_color__hover_enabled=&quot;off&quot; button_one_text_color__hover_enabled=&quot;off&quot; button_two_text_color__hover_enabled=&quot;off&quot; button_border_width__hover_enabled=&quot;off&quot; button_one_border_width__hover_enabled=&quot;off&quot; button_two_border_width__hover_enabled=&quot;off&quot; button_border_color__hover_enabled=&quot;off&quot; button_one_border_color__hover_enabled=&quot;off&quot; button_two_border_color__hover_enabled=&quot;off&quot; button_border_radius__hover_enabled=&quot;off&quot; button_one_border_radius__hover_enabled=&quot;off&quot; button_two_border_radius__hover_enabled=&quot;off&quot; button_letter_spacing__hover_enabled=&quot;off&quot; button_one_letter_spacing__hover_enabled=&quot;off&quot; button_two_letter_spacing__hover_enabled=&quot;off&quot; button_bg_color__hover_enabled=&quot;off&quot; button_one_bg_color__hover_enabled=&quot;off&quot; button_two_bg_color__hover_enabled=&quot;off&quot;][\/et_pb_contact_field][\/et_pb_contact_form][\/et_pb_column][\/et_pb_row][\/et_pb_section][et_pb_section fb_built=&quot;1&quot; admin_label=&quot;CTA Section&quot; _builder_version=&quot;4.16&quot; use_background_color_gradient=&quot;on&quot; background_color_gradient_stops=&quot;#313e47 0%|rgba(49,62,71,0.74) 100%&quot; background_color_gradient_overlays_image=&quot;on&quot; background_color_gradient_start=&quot;#313e47&quot; background_color_gradient_end=&quot;rgba(49,62,71,0.74)&quot; background_image=&quot;https:\/\/isralegal.com\/wp-content\/uploads\/2024\/01\/law-firm-12.jpg&quot; custom_padding=&quot;200px|0px|200px|&quot; border_color_all=&quot;#26333a&quot; border_width_left=&quot;8vw&quot; global_colors_info=&quot;{}&quot;][et_pb_row column_structure=&quot;1_2,1_2&quot; use_custom_gutter=&quot;on&quot; gutter_width=&quot;2&quot; admin_label=&quot;CTA Area&quot; _builder_version=&quot;4.16&quot; locked=&quot;off&quot; global_colors_info=&quot;{}&quot;][et_pb_column type=&quot;1_2&quot; _builder_version=&quot;4.16&quot; custom_padding=&quot;|||&quot; global_colors_info=&quot;{}&quot; custom_padding__hover=&quot;|||&quot;][et_pb_text admin_label=&quot;Title&quot; _builder_version=&quot;4.21.0&quot; text_font=&quot;||||||||&quot; header_font=&quot;||||||||&quot; header_2_font=&quot;Prata||||||||&quot; header_2_font_size=&quot;48px&quot; header_2_line_height=&quot;1.6em&quot; background_layout=&quot;dark&quot; module_alignment=&quot;center&quot; custom_margin=&quot;|||&quot; custom_padding=&quot;|||&quot; animation_style=&quot;fade&quot; header_2_font_size_tablet=&quot;40px&quot; header_2_font_size_phone=&quot;&quot; header_2_font_size_last_edited=&quot;on|tablet&quot; locked=&quot;off&quot; global_colors_info=&quot;{}&quot;]<h2>Travaillons ensemble<\/h2>[\/et_pb_text][\/et_pb_column][et_pb_column type=&quot;1_2&quot; _builder_version=&quot;4.16&quot; custom_padding=&quot;|||&quot; global_colors_info=&quot;{}&quot; custom_padding__hover=&quot;|||&quot;][et_pb_button button_text=&quot;Prendre rendez-vous&quot; _builder_version=&quot;4.21.0&quot; custom_button=&quot;on&quot; button_text_size=&quot;14px&quot; button_text_color=&quot;#7CDA24&quot; button_border_width=&quot;2px&quot; button_border_color=&quot;#7CDA24&quot; button_border_radius=&quot;0px&quot; button_letter_spacing=&quot;4px&quot; button_font=&quot;|700||on|||||&quot; button_icon=&quot;&#x24;||divi||400&quot; custom_margin=&quot;10px|||&quot; custom_padding=&quot;10px||10px|&quot; animation_style=&quot;fade&quot; animation_direction=&quot;right&quot; button_bg_color_hover=&quot;rgba(0,0,0,0)&quot; global_colors_info=&quot;{}&quot; button_text_size__hover_enabled=&quot;off&quot; button_one_text_size__hover_enabled=&quot;off&quot; button_two_text_size__hover_enabled=&quot;off&quot; button_text_color__hover_enabled=&quot;off&quot; button_one_text_color__hover_enabled=&quot;off&quot; button_two_text_color__hover_enabled=&quot;off&quot; button_border_width__hover_enabled=&quot;off&quot; button_one_border_width__hover_enabled=&quot;off&quot; button_two_border_width__hover_enabled=&quot;off&quot; button_border_color__hover_enabled=&quot;off&quot; button_one_border_color__hover_enabled=&quot;off&quot; button_two_border_color__hover_enabled=&quot;off&quot; button_border_radius__hover_enabled=&quot;off&quot; button_one_border_radius__hover_enabled=&quot;off&quot; button_two_border_radius__hover_enabled=&quot;off&quot; button_letter_spacing__hover_enabled=&quot;off&quot; button_one_letter_spacing__hover_enabled=&quot;off&quot; button_two_letter_spacing__hover_enabled=&quot;off&quot; button_bg_color__hover_enabled=&quot;on&quot; button_bg_color__hover=&quot;rgba(0,0,0,0)&quot; button_one_bg_color__hover_enabled=&quot;off&quot; button_two_bg_color__hover_enabled=&quot;off&quot;][\/et_pb_button][\/et_pb_column][\/et_pb_row][\/et_pb_section]\n","protected":false},"excerpt":{"rendered":"<p>Nous Contacter le Cabinet Zajfman-Kornitzer et son \u00e9quipe conseillent ses clients\u00a0en droit isra\u00e9lien,\u00a0tant en Isra\u00ebl qu\u2019\u00e0 l\u2019\u00e9tranger\u00a0et accompagne,en 4\u00a0\u00a0langues\u00a0(h\u00e9breu, anglais, fran\u00e7ais et si n\u00e9cessaire,m\u00eame en n\u00e9erlandais \/ flamand)+972.2 &#8211; 622 22 23 WhatsApp (vocal et messages) +972.58-622.3021 VOIP BE +32.3.301.3232 Fax +972 2-622-30-22reception@isralegal.com1 rue Raoul Wallenberg (7\u00e8me \u00e9tage), J\u00e9rusalem 9435701 Isra\u00eblTravaillons ensemble<\/p>\n","protected":false},"author":2,"featured_media":0,"parent":0,"menu_order":0,"comment_status":"closed","ping_status":"closed","template":"","meta":{"_et_pb_use_builder":"on","_et_pb_old_content":"","_et_gb_content_width":"","footnotes":""},"class_list":["post-602","page","type-page","status-publish","hentry"],"_links":{"self":[{"href":"https:\/\/isralegal.com\/he\/index.php\/wp-json\/wp\/v2\/pages\/602","targetHints":{"allow":["GET"]}}],"collection":[{"href":"https:\/\/isralegal.com\/he\/index.php\/wp-json\/wp\/v2\/pages"}],"about":[{"href":"https:\/\/isralegal.com\/he\/index.php\/wp-json\/wp\/v2\/types\/page"}],"author":[{"embeddable":true,"href":"https:\/\/isralegal.com\/he\/index.php\/wp-json\/wp\/v2\/users\/2"}],"replies":[{"embeddable":true,"href":"https:\/\/isralegal.com\/he\/index.php\/wp-json\/wp\/v2\/comments?post=602"}],"version-history":[{"count":12,"href":"https:\/\/isralegal.com\/he\/index.php\/wp-json\/wp\/v2\/pages\/602\/revisions"}],"predecessor-version":[{"id":809,"href":"https:\/\/isralegal.com\/he\/index.php\/wp-json\/wp\/v2\/pages\/602\/revisions\/809"}],"wp:attachment":[{"href":"https:\/\/isralegal.com\/he\/index.php\/wp-json\/wp\/v2\/media?parent=602"}],"curies":[{"name":"wp","href":"https:\/\/api.w.org\/{rel}","templated":true}]}}