{"id":1027,"date":"2025-02-27T16:04:42","date_gmt":"2025-02-27T16:04:42","guid":{"rendered":"https:\/\/isralegal.com\/?page_id=1027"},"modified":"2025-02-27T16:32:07","modified_gmt":"2025-02-27T16:32:07","slug":"raphael-kornitzer-new","status":"publish","type":"page","link":"https:\/\/isralegal.com\/index.php\/raphael-kornitzer-new\/","title":{"rendered":"Raphael KORNITZER"},"content":{"rendered":"<p>[et_pb_section fb_built=\u00a0\u00bb1&Prime; admin_label=\u00a0\u00bbWhy Choose Us Section\u00a0\u00bb _builder_version=\u00a0\u00bb4.21.0&Prime; background_color=\u00a0\u00bb#0C71C3&Prime; custom_padding=\u00a0\u00bb0px||0px|\u00a0\u00bb global_colors_info=\u00a0\u00bb{}\u00a0\u00bb][et_pb_row column_structure=\u00a0\u00bb1_2,1_2&Prime; admin_label=\u00a0\u00bbWhy Choose Us Area\u00a0\u00bb _builder_version=\u00a0\u00bb4.21.0&Prime; width=\u00a0\u00bb100%\u00a0\u00bb max_width=\u00a0\u00bb100%\u00a0\u00bb custom_margin=\u00a0\u00bb|||9px|false|false\u00a0\u00bb custom_padding=\u00a0\u00bb0px|0px|0px|\u00a0\u00bb hover_enabled=\u00a0\u00bb0&Prime; use_custom_width=\u00a0\u00bbon\u00a0\u00bb width_unit=\u00a0\u00bboff\u00a0\u00bb custom_width_percent=\u00a0\u00bb100%\u00a0\u00bb global_colors_info=\u00a0\u00bb{}\u00a0\u00bb sticky_enabled=\u00a0\u00bb0&Prime;][et_pb_column type=\u00a0\u00bb1_2&Prime; _builder_version=\u00a0\u00bb4.16&Prime; custom_padding=\u00a0\u00bb|||\u00a0\u00bb global_colors_info=\u00a0\u00bb{}\u00a0\u00bb custom_padding__hover=\u00a0\u00bb|||\u00a0\u00bb][et_pb_text admin_label=\u00a0\u00bbTitle\u00a0\u00bb _builder_version=\u00a0\u00bb4.21.0&Prime; text_font=\u00a0\u00bb||||||||\u00a0\u00bb header_font=\u00a0\u00bb||||||||\u00a0\u00bb header_2_font=\u00a0\u00bbPrata||||||||\u00a0\u00bb header_2_font_size=\u00a0\u00bb48px\u00a0\u00bb header_2_line_height=\u00a0\u00bb1.6em\u00a0\u00bb background_layout=\u00a0\u00bbdark\u00a0\u00bb custom_margin=\u00a0\u00bb||10px|\u00a0\u00bb animation_style=\u00a0\u00bbslide\u00a0\u00bb animation_direction=\u00a0\u00bbright\u00a0\u00bb animation_intensity_slide=\u00a0\u00bb5%\u00a0\u00bb animation_starting_opacity=\u00a0\u00bb100%\u00a0\u00bb header_2_font_size_tablet=\u00a0\u00bb40px\u00a0\u00bb header_2_font_size_phone=\u00a0\u00bb\u00a0\u00bb header_2_font_size_last_edited=\u00a0\u00bbon|tablet\u00a0\u00bb locked=\u00a0\u00bboff\u00a0\u00bb global_colors_info=\u00a0\u00bb{}\u00a0\u00bb]<\/p>\n<h2><b><\/b><\/h2>\n<h2><b style=\"font-size: 48px;\">Raphael KORNITZER<\/b><\/h2>\n<h2><\/h2>\n<p>[\/et_pb_text][et_pb_divider color=\u00a0\u00bb#ffffff\u00a0\u00bb divider_position=\u00a0\u00bbcenter\u00a0\u00bb divider_weight=\u00a0\u00bb3px\u00a0\u00bb _builder_version=\u00a0\u00bb4.16&Prime; max_width=\u00a0\u00bb70px\u00a0\u00bb custom_margin=\u00a0\u00bb||35px|\u00a0\u00bb animation_style=\u00a0\u00bbslide\u00a0\u00bb animation_direction=\u00a0\u00bbright\u00a0\u00bb animation_intensity_slide=\u00a0\u00bb5%\u00a0\u00bb animation_starting_opacity=\u00a0\u00bb100%\u00a0\u00bb locked=\u00a0\u00bboff\u00a0\u00bb global_colors_info=\u00a0\u00bb{}\u00a0\u00bb][\/et_pb_divider][et_pb_text _builder_version=\u00a0\u00bb4.21.0&Prime; text_font=\u00a0\u00bb||||||||\u00a0\u00bb text_font_size=\u00a0\u00bb16px\u00a0\u00bb text_line_height=\u00a0\u00bb1.8em\u00a0\u00bb header_font=\u00a0\u00bb||||||||\u00a0\u00bb header_3_font=\u00a0\u00bbRoboto Slab||||||||\u00a0\u00bb header_3_line_height=\u00a0\u00bb1.4em\u00a0\u00bb background_layout=\u00a0\u00bbdark\u00a0\u00bb custom_margin=\u00a0\u00bb|||\u00a0\u00bb animation_style=\u00a0\u00bbslide\u00a0\u00bb animation_direction=\u00a0\u00bbright\u00a0\u00bb animation_intensity_slide=\u00a0\u00bb5%\u00a0\u00bb animation_starting_opacity=\u00a0\u00bb100%\u00a0\u00bb hover_enabled=\u00a0\u00bb0&Prime; global_colors_info=\u00a0\u00bb{}\u00a0\u00bb sticky_enabled=\u00a0\u00bb0&Prime;]<\/p>\n<p style=\"text-align: justify;\"><strong><br \/><img loading=\"lazy\" decoding=\"async\" src=\"https:\/\/isralegal.com\/wp-content\/uploads\/2024\/08\/RK-Final-scaled.jpg\" width=\"199\" height=\"300\" alt=\"\" class=\"wp-image-939 alignleft size-medium\" \/><\/strong><\/p>\n<p><strong>Avocat &amp; Notaire<\/strong><\/p>\n<p>N\u00e9 \u00e0 Anvers en Belgique, en 1970<\/p>\n<p>R\u00e9side \u00e0 J\u00e9rusalem depuis son immigration en Isra\u00ebl en 1989, mari\u00e9 + 3<\/p>\n<p><span>Courriel\u00a0:\u00a0<a href=\"mailto:raffi@isralegal.com\">raffi@isralegal.com<\/a><\/span><span><span class=\"Apple-converted-space\">\u00a0<\/span><\/span><\/p>\n<p><b>Formation:<\/b><span class=\"Apple-tab-span\"><span>\u00a0<\/span><\/span>A<span class=\"Apple-converted-space\">\u00a0<span>\u00a0<\/span><\/span>termin\u00e9 ses \u00e9tudes de droit \u00e0 la facult\u00e9 de Droit \u00e0 l\u2019Universit\u00e9 H\u00e9bra\u00efque de J\u00e9rusalem en 1995<\/p>\n<p>A achev\u00e9 son stage en 1996<\/p>\n<p><b>Avocat en Isra\u00ebl<\/b>\u00a0:<span class=\"Apple-converted-space\">\u00a0<span>\u00a0<\/span><span class=\"Apple-tab-span\"><\/span><\/span>Membre du Barreau d\u2019Isra\u00ebl depuis 1996<\/p>\n<p><b>Notaire en Isra\u00ebl<\/b>\u00a0:<span>\u00a0<\/span><span class=\"Apple-tab-span\"><\/span>Enregistr\u00e9 \u00e0 l\u2019ordre des Notaires en Isra\u00ebl depuis 2007<b><\/b><\/p>\n<p><b>Exp\u00e9rience\u00a0:<\/b><span class=\"Apple-tab-span\"><span>\u00a0<\/span><\/span>Pr\u00e9formation chez le Procureur G\u00e9n\u00e9ral<\/p>\n<p>A suivi son stage et travaill\u00e9 comme avocat, au cabinet d\u2019avocats Yitzchak Nenner de J\u00e9rusalem<\/p>\n<p>Avocat au sein du cabinet d\u2019avocats Sherman-Zajfman en 2000<\/p>\n<p>Avocat ind\u00e9pendant depuis 2001<\/p>\n<p>Co-fondateur et partenaire principal du cabinet d\u2019avocats et notaires Zajfman-Kornitzer &amp; Co. depuis 2014<span class=\"Apple-tab-span\"><\/span><\/p>\n<p>Cabinet principal \u00e0 J\u00e9rusalem avec antenne \u00e0 Tel-Aviv depuis 2015<\/p>\n<p style=\"text-align: justify;\"><strong>\u00a0<\/strong><\/p>\n<p>[\/et_pb_text][\/et_pb_column][et_pb_column type=\u00a0\u00bb1_2&Prime; _builder_version=\u00a0\u00bb4.16&Prime; custom_padding=\u00a0\u00bb|||\u00a0\u00bb global_colors_info=\u00a0\u00bb{}\u00a0\u00bb custom_padding__hover=\u00a0\u00bb|||\u00a0\u00bb][et_pb_image src=\u00a0\u00bbhttps:\/\/isralegal.com\/wp-content\/uploads\/2024\/01\/law-firm-31.jpg\u00a0\u00bb title_text=\u00a0\u00bblaw-firm-31&Prime; _builder_version=\u00a0\u00bb4.21.0&Prime; _module_preset=\u00a0\u00bbdefault\u00a0\u00bb min_height=\u00a0\u00bb883px\u00a0\u00bb height=\u00a0\u00bb724px\u00a0\u00bb max_height=\u00a0\u00bb724px\u00a0\u00bb global_colors_info=\u00a0\u00bb{}\u00a0\u00bb][\/et_pb_image][\/et_pb_column][\/et_pb_row][\/et_pb_section][et_pb_section fb_built=\u00a0\u00bb1&Prime; admin_label=\u00a0\u00bbWhy Choose Us Section\u00a0\u00bb _builder_version=\u00a0\u00bb4.21.0&Prime; background_color=\u00a0\u00bb#FFFFFF\u00a0\u00bb custom_padding=\u00a0\u00bb0px||0px|\u00a0\u00bb global_colors_info=\u00a0\u00bb{}\u00a0\u00bb][et_pb_row column_structure=\u00a0\u00bb1_2,1_2&Prime; admin_label=\u00a0\u00bbWhy Choose Us Area\u00a0\u00bb _builder_version=\u00a0\u00bb4.21.0&Prime; width=\u00a0\u00bb100%\u00a0\u00bb max_width=\u00a0\u00bb100%\u00a0\u00bb custom_margin=\u00a0\u00bb|||9px|false|false\u00a0\u00bb custom_padding=\u00a0\u00bb0px|0px|0px|\u00a0\u00bb use_custom_width=\u00a0\u00bbon\u00a0\u00bb width_unit=\u00a0\u00bboff\u00a0\u00bb custom_width_percent=\u00a0\u00bb100%\u00a0\u00bb global_colors_info=\u00a0\u00bb{}\u00a0\u00bb][et_pb_column type=\u00a0\u00bb1_2&Prime; _builder_version=\u00a0\u00bb4.16&Prime; custom_padding=\u00a0\u00bb|||\u00a0\u00bb global_colors_info=\u00a0\u00bb{}\u00a0\u00bb custom_padding__hover=\u00a0\u00bb|||\u00a0\u00bb][et_pb_text _builder_version=\u00a0\u00bb4.21.0&Prime; text_font=\u00a0\u00bb||||||||\u00a0\u00bb text_font_size=\u00a0\u00bb16px\u00a0\u00bb text_line_height=\u00a0\u00bb1.8em\u00a0\u00bb header_font=\u00a0\u00bb||||||||\u00a0\u00bb header_3_font=\u00a0\u00bbRoboto Slab||||||||\u00a0\u00bb header_3_line_height=\u00a0\u00bb1.4em\u00a0\u00bb background_layout=\u00a0\u00bbdark\u00a0\u00bb custom_margin=\u00a0\u00bb|||\u00a0\u00bb animation_style=\u00a0\u00bbslide\u00a0\u00bb animation_direction=\u00a0\u00bbright\u00a0\u00bb animation_intensity_slide=\u00a0\u00bb5%\u00a0\u00bb animation_starting_opacity=\u00a0\u00bb100%\u00a0\u00bb hover_enabled=\u00a0\u00bb0&Prime; global_colors_info=\u00a0\u00bb{}\u00a0\u00bb sticky_enabled=\u00a0\u00bb0&Prime;]<\/p>\n<p><span style=\"color: #0000ff;\"><b>Domaines de<span class=\"Apple-tab-span\">\u00a0<\/span><\/b><b>Sp\u00e9cialisations\u00a0<\/b>:<span class=\"Apple-tab-span\">\u00a0<\/span><b><span class=\"Apple-tab-span\"><\/span>Droit civil et commercial<\/b>\u00a0en g\u00e9n\u00e9ral, droit des Contrats, droits de l\u2019immobilier et en particulier: gestion, vente, achat, location, donations, d\u00e9volution successorale, planification et construction, renouveau urbain<\/span><\/p>\n<p><span style=\"color: #0000ff;\"><b>Droit des successions<\/b>\u00a0: r\u00e9daction de testaments en plusieurs langues, planification successorale en Isra\u00ebl et \u00e0 l\u2019\u00e9tranger, ordonnances d\u2019homologation et ex\u00e9cution de successions en Isra\u00ebl et \u00e0 l\u2019\u00e9tranger<\/span><\/p>\n<p><span style=\"color: #0000ff;\"><b>Contentieux<\/b>\u00a0et litiges commerciaux<\/span><\/p>\n<p><span style=\"color: #0000ff;\"><b>Droit des entit\u00e9s morales<\/b>\u00a0: cr\u00e9ation de soci\u00e9t\u00e9s en Isra\u00ebl et d\u2019organisations \u00e0 buts non-lucratifs, conseil quotidien aux entreprises<\/span><\/p>\n<p><span style=\"color: #0000ff;\"><b>Traductions juridiques\u00a0<\/b>(h\u00e9breu, fran\u00e7ais, anglais et n\u00e9erlandais-flamand) avec actes notari\u00e9s<\/span><\/p>\n<p><span style=\"color: #0000ff;\">Ainsi que toutes attestations notari\u00e9es isra\u00e9liennes<span class=\"Apple-converted-space\">\u00a0<\/span><\/span><\/p>\n<p><span style=\"color: #0000ff;\"><b>Langues\u00a0:<\/b>\u00a0<b><span class=\"Apple-tab-span\"><\/span><\/b>fran\u00e7ais (langue maternelle)<\/span><\/p>\n<p><span style=\"color: #0000ff;\">h\u00e9breu (niveau langue maternelle)<span class=\"Apple-converted-space\">\u00a0<\/span><\/span><\/p>\n<p><span style=\"color: #0000ff;\">n\u00e9erlandais (flamand) (niveau langue maternelle)<\/span><\/p>\n<p><span style=\"color: #0000ff;\">anglais (tr\u00e8s bon niveau)<\/span><\/p>\n<p>[\/et_pb_text][et_pb_button button_text=\u00a0\u00bbVoir l&rsquo;\u00e9quipe \u00a0\u00bb _builder_version=\u00a0\u00bb4.21.0&Prime; _module_preset=\u00a0\u00bbdefault\u00a0\u00bb button_url=\u00a0\u00bbhttps:\/\/isralegal.com\/index.php\/notre-equipe\/\u00a0\u00bb custom_button=\u00a0\u00bbon\u00a0\u00bb button_bg_color=\u00a0\u00bb#0C71C3&Prime; button_bg_enable_color=\u00a0\u00bbon\u00a0\u00bb button_text_color=\u00a0\u00bb#FFFFFF\u00a0\u00bb hover_enabled=\u00a0\u00bb0&Prime; sticky_enabled=\u00a0\u00bb0&Prime;][\/et_pb_button][\/et_pb_column][et_pb_column type=\u00a0\u00bb1_2&Prime; _builder_version=\u00a0\u00bb4.16&Prime; custom_padding=\u00a0\u00bb80px|5%|80px|\u00a0\u00bb custom_padding_tablet=\u00a0\u00bb|10%||10%\u00a0\u00bb custom_padding_phone=\u00a0\u00bb|10%||10%\u00a0\u00bb custom_padding_last_edited=\u00a0\u00bbon|tablet\u00a0\u00bb global_colors_info=\u00a0\u00bb{}\u00a0\u00bb padding_tablet=\u00a0\u00bb|10%||10%\u00a0\u00bb padding_last_edited=\u00a0\u00bbon|tablet\u00a0\u00bb custom_padding__hover=\u00a0\u00bb|||\u00a0\u00bb padding_phone=\u00a0\u00bb|10%||10%\u00a0\u00bb][et_pb_image src=\u00a0\u00bbhttps:\/\/isralegal.com\/wp-content\/uploads\/2024\/08\/photorealistic-lawyer-environment-min-scaled.jpg\u00a0\u00bb title_text=\u00a0\u00bbphotorealistic-lawyer-environment-min\u00a0\u00bb show_bottom_space=\u00a0\u00bboff\u00a0\u00bb force_fullwidth=\u00a0\u00bbon\u00a0\u00bb align_tablet=\u00a0\u00bbcenter\u00a0\u00bb align_phone=\u00a0\u00bbcenter\u00a0\u00bb align_last_edited=\u00a0\u00bbon|desktop\u00a0\u00bb _builder_version=\u00a0\u00bb4.21.0&Prime; global_colors_info=\u00a0\u00bb{}\u00a0\u00bb][\/et_pb_image][\/et_pb_column][\/et_pb_row][\/et_pb_section][et_pb_section fb_built=\u00a0\u00bb1&Prime; admin_label=\u00a0\u00bbCTA Section\u00a0\u00bb _builder_version=\u00a0\u00bb4.16&Prime; use_background_color_gradient=\u00a0\u00bbon\u00a0\u00bb background_color_gradient_stops=\u00a0\u00bb#313e47 0%|rgba(49,62,71,0.74) 100%\u00a0\u00bb background_color_gradient_overlays_image=\u00a0\u00bbon\u00a0\u00bb background_color_gradient_start=\u00a0\u00bb#313e47&Prime; background_color_gradient_end=\u00a0\u00bbrgba(49,62,71,0.74)\u00a0\u00bb background_image=\u00a0\u00bbhttps:\/\/isralegal.com\/wp-content\/uploads\/2024\/01\/law-firm-18.jpg\u00a0\u00bb custom_padding=\u00a0\u00bb200px|0px|200px|\u00a0\u00bb border_color_all=\u00a0\u00bb#26333a\u00a0\u00bb border_width_left=\u00a0\u00bb8vw\u00a0\u00bb global_colors_info=\u00a0\u00bb{}\u00a0\u00bb][et_pb_row column_structure=\u00a0\u00bb1_2,1_2&Prime; use_custom_gutter=\u00a0\u00bbon\u00a0\u00bb gutter_width=\u00a0\u00bb2&Prime; admin_label=\u00a0\u00bbCTA Area\u00a0\u00bb _builder_version=\u00a0\u00bb4.16&Prime; locked=\u00a0\u00bboff\u00a0\u00bb global_colors_info=\u00a0\u00bb{}\u00a0\u00bb][et_pb_column type=\u00a0\u00bb1_2&Prime; _builder_version=\u00a0\u00bb4.16&Prime; custom_padding=\u00a0\u00bb|||\u00a0\u00bb global_colors_info=\u00a0\u00bb{}\u00a0\u00bb custom_padding__hover=\u00a0\u00bb|||\u00a0\u00bb][et_pb_text admin_label=\u00a0\u00bbTitle\u00a0\u00bb _builder_version=\u00a0\u00bb4.21.0&Prime; text_font=\u00a0\u00bb||||||||\u00a0\u00bb header_font=\u00a0\u00bb||||||||\u00a0\u00bb header_2_font=\u00a0\u00bbPrata||||||||\u00a0\u00bb header_2_font_size=\u00a0\u00bb48px\u00a0\u00bb header_2_line_height=\u00a0\u00bb1.6em\u00a0\u00bb background_layout=\u00a0\u00bbdark\u00a0\u00bb module_alignment=\u00a0\u00bbcenter\u00a0\u00bb custom_margin=\u00a0\u00bb|||\u00a0\u00bb custom_padding=\u00a0\u00bb|||\u00a0\u00bb animation_style=\u00a0\u00bbfade\u00a0\u00bb header_2_font_size_tablet=\u00a0\u00bb40px\u00a0\u00bb header_2_font_size_phone=\u00a0\u00bb\u00a0\u00bb header_2_font_size_last_edited=\u00a0\u00bbon|tablet\u00a0\u00bb locked=\u00a0\u00bboff\u00a0\u00bb global_colors_info=\u00a0\u00bb{}\u00a0\u00bb]<\/p>\n<h2>L&rsquo;excellence \u00e0 votre service<\/h2>\n<p>[\/et_pb_text][\/et_pb_column][et_pb_column type=\u00a0\u00bb1_2&Prime; _builder_version=\u00a0\u00bb4.16&Prime; custom_padding=\u00a0\u00bb|||\u00a0\u00bb global_colors_info=\u00a0\u00bb{}\u00a0\u00bb custom_padding__hover=\u00a0\u00bb|||\u00a0\u00bb][et_pb_button button_text=\u00a0\u00bbPrendre rendez-vous\u00a0\u00bb _builder_version=\u00a0\u00bb4.21.0&Prime; custom_button=\u00a0\u00bbon\u00a0\u00bb button_text_size=\u00a0\u00bb14px\u00a0\u00bb button_text_color=\u00a0\u00bb#7CDA24&Prime; button_bg_color=\u00a0\u00bbRGBA(255,255,255,0)\u00a0\u00bb button_border_width=\u00a0\u00bb2px\u00a0\u00bb button_border_color=\u00a0\u00bb#7CDA24&Prime; button_border_radius=\u00a0\u00bb0px\u00a0\u00bb button_letter_spacing=\u00a0\u00bb4px\u00a0\u00bb button_font=\u00a0\u00bb|700||on|||||\u00a0\u00bb button_icon=\u00a0\u00bb&#x24;||divi||400&Prime; button_icon_color=\u00a0\u00bb#000000&Prime; custom_margin=\u00a0\u00bb10px|||\u00a0\u00bb custom_padding=\u00a0\u00bb10px||10px|\u00a0\u00bb animation_style=\u00a0\u00bbfade\u00a0\u00bb animation_direction=\u00a0\u00bbright\u00a0\u00bb hover_enabled=\u00a0\u00bb0&Prime; button_bg_color_hover=\u00a0\u00bbrgba(0,0,0,0)\u00a0\u00bb global_colors_info=\u00a0\u00bb{}\u00a0\u00bb button_text_size__hover_enabled=\u00a0\u00bboff\u00a0\u00bb button_one_text_size__hover_enabled=\u00a0\u00bboff\u00a0\u00bb button_two_text_size__hover_enabled=\u00a0\u00bboff\u00a0\u00bb button_text_color__hover_enabled=\u00a0\u00bboff\u00a0\u00bb button_one_text_color__hover_enabled=\u00a0\u00bboff\u00a0\u00bb button_two_text_color__hover_enabled=\u00a0\u00bboff\u00a0\u00bb button_border_width__hover_enabled=\u00a0\u00bboff\u00a0\u00bb button_one_border_width__hover_enabled=\u00a0\u00bboff\u00a0\u00bb button_two_border_width__hover_enabled=\u00a0\u00bboff\u00a0\u00bb button_border_color__hover_enabled=\u00a0\u00bboff\u00a0\u00bb button_one_border_color__hover_enabled=\u00a0\u00bboff\u00a0\u00bb button_two_border_color__hover_enabled=\u00a0\u00bboff\u00a0\u00bb button_border_radius__hover_enabled=\u00a0\u00bboff\u00a0\u00bb button_one_border_radius__hover_enabled=\u00a0\u00bboff\u00a0\u00bb button_two_border_radius__hover_enabled=\u00a0\u00bboff\u00a0\u00bb button_letter_spacing__hover_enabled=\u00a0\u00bboff\u00a0\u00bb button_one_letter_spacing__hover_enabled=\u00a0\u00bboff\u00a0\u00bb button_two_letter_spacing__hover_enabled=\u00a0\u00bboff\u00a0\u00bb button_bg_color__hover_enabled=\u00a0\u00bbon\u00a0\u00bb button_bg_color__hover=\u00a0\u00bbrgba(0,0,0,0)\u00a0\u00bb button_one_bg_color__hover_enabled=\u00a0\u00bboff\u00a0\u00bb button_two_bg_color__hover_enabled=\u00a0\u00bboff\u00a0\u00bb button_url=\u00a0\u00bbhttps:\/\/isralegal.com\/index.php\/contact\/\u00a0\u00bb sticky_enabled=\u00a0\u00bb0&Prime;][\/et_pb_button][\/et_pb_column][\/et_pb_row][\/et_pb_section]<\/p>\n","protected":false},"excerpt":{"rendered":"<p>Raphael KORNITZER Avocat &amp; Notaire N\u00e9 \u00e0 Anvers en Belgique, en 1970 R\u00e9side \u00e0 J\u00e9rusalem depuis son immigration en Isra\u00ebl en 1989, mari\u00e9 + 3 Courriel\u00a0:\u00a0raffi@isralegal.com\u00a0 Formation:\u00a0A\u00a0\u00a0termin\u00e9 ses \u00e9tudes de droit \u00e0 la facult\u00e9 de Droit \u00e0 l\u2019Universit\u00e9 H\u00e9bra\u00efque de J\u00e9rusalem en 1995 A achev\u00e9 son stage en 1996 Avocat en Isra\u00ebl\u00a0:\u00a0\u00a0Membre du Barreau d\u2019Isra\u00ebl [&hellip;]<\/p>\n","protected":false},"author":2,"featured_media":0,"parent":0,"menu_order":0,"comment_status":"closed","ping_status":"closed","template":"","meta":{"_et_pb_use_builder":"on","_et_pb_old_content":"","_et_gb_content_width":"","footnotes":""},"class_list":["post-1027","page","type-page","status-publish","hentry"],"_links":{"self":[{"href":"https:\/\/isralegal.com\/index.php\/wp-json\/wp\/v2\/pages\/1027","targetHints":{"allow":["GET"]}}],"collection":[{"href":"https:\/\/isralegal.com\/index.php\/wp-json\/wp\/v2\/pages"}],"about":[{"href":"https:\/\/isralegal.com\/index.php\/wp-json\/wp\/v2\/types\/page"}],"author":[{"embeddable":true,"href":"https:\/\/isralegal.com\/index.php\/wp-json\/wp\/v2\/users\/2"}],"replies":[{"embeddable":true,"href":"https:\/\/isralegal.com\/index.php\/wp-json\/wp\/v2\/comments?post=1027"}],"version-history":[{"count":5,"href":"https:\/\/isralegal.com\/index.php\/wp-json\/wp\/v2\/pages\/1027\/revisions"}],"predecessor-version":[{"id":1069,"href":"https:\/\/isralegal.com\/index.php\/wp-json\/wp\/v2\/pages\/1027\/revisions\/1069"}],"wp:attachment":[{"href":"https:\/\/isralegal.com\/index.php\/wp-json\/wp\/v2\/media?parent=1027"}],"curies":[{"name":"wp","href":"https:\/\/api.w.org\/{rel}","templated":true}]}}